{"id":1495,"date":"2024-10-01T07:33:41","date_gmt":"2024-10-01T05:33:41","guid":{"rendered":"https:\/\/www.hsb.eu\/?page_id=1495"},"modified":"2025-03-25T13:04:31","modified_gmt":"2025-03-25T12:04:31","slug":"acier-inoxydable","status":"publish","type":"page","link":"https:\/\/www.hsb.eu\/fr\/acier-inoxydable\/","title":{"rendered":"Acier inoxydable"},"content":{"rendered":"    <section  class=\"section-feature\">\n\t\t<div class=\"container\">\n            <div class=\"feature-inner\">\n\t\t\t\t\t\t\t\t\t<div class=\"decor\">\n\t\t\t\t\t\t<img decoding=\"async\" width=\"280\" height=\"1670\" src=\"https:\/\/www.hsb.eu\/wp-content\/uploads\/2024\/10\/img-11-280x1670.jpg\" class=\"attachment-thumbnail_280x1670 size-thumbnail_280x1670\" alt=\"img 11 scaled\" srcset=\"https:\/\/www.hsb.eu\/wp-content\/uploads\/2024\/10\/img-11-280x1670.jpg 280w, https:\/\/www.hsb.eu\/wp-content\/uploads\/2024\/10\/img-11-scaled.jpg 429w\" sizes=\"(max-width: 280px) 100vw, 280px\" \/>\t\t\t\t\t<\/div>\n\t\t\t\t\t\t\t\t\t\t\t\t\t<h2>Vers un avenir durable avec l&rsquo;inventeur des piscines en acier inoxydable.<\/h2>\n\t\t\t\t\t\t\t\t\t\t\t\t\t<h3>9 RAISONS DE CHOISIR L&rsquo;ACIER INOXYDABLE<\/h3>\n\t\t\t\t                \t\t\t\t\t<div class=\"feature-items section-viewport fadeInRound\">\n\t\t\t\t\t\t\t\t\t\t\t\t\t<div class=\"feature-item\">\n\t\t\t\t\t\t\t\t\t\t\t\t\t\t\t\t\t<div class=\"icon-holder\">\n\t\t\t\t\t\t\t\t\t\t<img decoding=\"async\" width=\"242\" height=\"242\" src=\"https:\/\/www.hsb.eu\/wp-content\/uploads\/2024\/10\/ico-01.svg\" class=\"attachment-thumbnail_242x242 size-thumbnail_242x242\" alt=\"ico 01\" \/>\t\t\t\t\t\t\t\t\t<\/div>\n\t\t\t\t\t\t\t\t\t\t\t\t\t\t\t\t\t\t\t\t\t\t\t\t\t<p>solution <br> sur mesure<\/p>\n\t\t\t\t\t\t\t\t\t\t\t\t\t\t\t<\/div>\n\t\t\t\t\t\t\t\t\t\t\t\t\t<div class=\"feature-item\">\n\t\t\t\t\t\t\t\t\t\t\t\t\t\t\t\t\t<div class=\"icon-holder\">\n\t\t\t\t\t\t\t\t\t\t<img decoding=\"async\" width=\"242\" height=\"242\" src=\"https:\/\/www.hsb.eu\/wp-content\/uploads\/2024\/10\/ico-02.svg\" class=\"attachment-thumbnail_242x242 size-thumbnail_242x242\" alt=\"ico 02\" \/>\t\t\t\t\t\t\t\t\t<\/div>\n\t\t\t\t\t\t\t\t\t\t\t\t\t\t\t\t\t\t\t\t\t\t\t\t\t<p>co\u00fbts d&rsquo;entretien<br> tr\u00e8s faibles<\/p>\n\t\t\t\t\t\t\t\t\t\t\t\t\t\t\t<\/div>\n\t\t\t\t\t\t\t\t\t\t\t\t\t<div class=\"feature-item\">\n\t\t\t\t\t\t\t\t\t\t\t\t\t\t\t\t\t<div class=\"icon-holder\">\n\t\t\t\t\t\t\t\t\t\t<img decoding=\"async\" width=\"242\" height=\"242\" src=\"https:\/\/www.hsb.eu\/wp-content\/uploads\/2024\/10\/ico-03.svg\" class=\"attachment-thumbnail_242x242 size-thumbnail_242x242\" alt=\"ico 03\" \/>\t\t\t\t\t\t\t\t\t<\/div>\n\t\t\t\t\t\t\t\t\t\t\t\t\t\t\t\t\t\t\t\t\t\t\t\t\t<p>hivernage <br> facile<\/p>\n\t\t\t\t\t\t\t\t\t\t\t\t\t\t\t<\/div>\n\t\t\t\t\t\t\t\t\t\t\t\t\t<div class=\"feature-item\">\n\t\t\t\t\t\t\t\t\t\t\t\t\t\t\t\t\t<div class=\"icon-holder\">\n\t\t\t\t\t\t\t\t\t\t<img decoding=\"async\" width=\"242\" height=\"242\" src=\"https:\/\/www.hsb.eu\/wp-content\/uploads\/2024\/10\/ico-04.svg\" class=\"attachment-thumbnail_242x242 size-thumbnail_242x242\" alt=\"ico 04\" \/>\t\t\t\t\t\t\t\t\t<\/div>\n\t\t\t\t\t\t\t\t\t\t\t\t\t\t\t\t\t\t\t\t\t\t\t\t\t<p>peu de <br> frais de suivi<\/p>\n\t\t\t\t\t\t\t\t\t\t\t\t\t\t\t<\/div>\n\t\t\t\t\t\t\t\t\t\t\t\t\t<div class=\"feature-item\">\n\t\t\t\t\t\t\t\t\t\t\t\t\t\t\t\t\t<div class=\"icon-holder\">\n\t\t\t\t\t\t\t\t\t\t<img decoding=\"async\" width=\"242\" height=\"242\" src=\"https:\/\/www.hsb.eu\/wp-content\/uploads\/2024\/10\/ico-05.svg\" class=\"attachment-thumbnail_242x242 size-thumbnail_242x242\" alt=\"ico 05\" \/>\t\t\t\t\t\t\t\t\t<\/div>\n\t\t\t\t\t\t\t\t\t\t\t\t\t\t\t\t\t\t\t\t\t\t\t\t\t<p>fonctionnement flexible <br> de la baignade<\/p>\n\t\t\t\t\t\t\t\t\t\t\t\t\t\t\t<\/div>\n\t\t\t\t\t\t\t\t\t\t\t\t\t<div class=\"feature-item\">\n\t\t\t\t\t\t\t\t\t\t\t\t\t\t\t\t\t<div class=\"icon-holder\">\n\t\t\t\t\t\t\t\t\t\t<img decoding=\"async\" width=\"242\" height=\"242\" src=\"https:\/\/www.hsb.eu\/wp-content\/uploads\/2024\/10\/ico-06.svg\" class=\"attachment-thumbnail_242x242 size-thumbnail_242x242\" alt=\"ico 06\" \/>\t\t\t\t\t\t\t\t\t<\/div>\n\t\t\t\t\t\t\t\t\t\t\t\t\t\t\t\t\t\t\t\t\t\t\t\t\t<p>une <br> solution compl\u00e8te<\/p>\n\t\t\t\t\t\t\t\t\t\t\t\t\t\t\t<\/div>\n\t\t\t\t\t\t\t\t\t\t\t\t\t<div class=\"feature-item\">\n\t\t\t\t\t\t\t\t\t\t\t\t\t\t\t\t\t<div class=\"icon-holder\">\n\t\t\t\t\t\t\t\t\t\t<img decoding=\"async\" width=\"242\" height=\"242\" src=\"https:\/\/www.hsb.eu\/wp-content\/uploads\/2024\/10\/ico-07.svg\" class=\"attachment-thumbnail_242x242 size-thumbnail_242x242\" alt=\"ico 07\" \/>\t\t\t\t\t\t\t\t\t<\/div>\n\t\t\t\t\t\t\t\t\t\t\t\t\t\t\t\t\t\t\t\t\t\t\t\t\t<p>temps de construction<br> le plus court<\/p>\n\t\t\t\t\t\t\t\t\t\t\t\t\t\t\t<\/div>\n\t\t\t\t\t\t\t\t\t\t\t\t\t<div class=\"feature-item\">\n\t\t\t\t\t\t\t\t\t\t\t\t\t\t\t\t\t<div class=\"icon-holder\">\n\t\t\t\t\t\t\t\t\t\t<img decoding=\"async\" width=\"242\" height=\"242\" src=\"https:\/\/www.hsb.eu\/wp-content\/uploads\/2024\/10\/ico-08.svg\" class=\"attachment-thumbnail_242x242 size-thumbnail_242x242\" alt=\"ico 08\" \/>\t\t\t\t\t\t\t\t\t<\/div>\n\t\t\t\t\t\t\t\t\t\t\t\t\t\t\t\t\t\t\t\t\t\t\t\t\t<p>dur\u00e9e de vie <br> la plus longue<\/p>\n\t\t\t\t\t\t\t\t\t\t\t\t\t\t\t<\/div>\n\t\t\t\t\t\t\t\t\t\t\t\t\t<div class=\"feature-item\">\n\t\t\t\t\t\t\t\t\t\t\t\t\t\t\t\t\t<div class=\"icon-holder\">\n\t\t\t\t\t\t\t\t\t\t<img decoding=\"async\" width=\"242\" height=\"242\" src=\"https:\/\/www.hsb.eu\/wp-content\/uploads\/2024\/10\/ico-09.svg\" class=\"attachment-thumbnail_242x242 size-thumbnail_242x242\" alt=\"ico 09\" \/>\t\t\t\t\t\t\t\t\t<\/div>\n\t\t\t\t\t\t\t\t\t\t\t\t\t\t\t\t\t\t\t\t\t\t\t\t\t<p>meilleur <br> bilan de durabilit\u00e9<\/p>\n\t\t\t\t\t\t\t\t\t\t\t\t\t\t\t<\/div>\n\t\t\t\t\t\t\t\t\t\t\t<\/div>\n\t\t\t\t            <\/div>\n        <\/div>\n    <\/section>\n\n\n    <section  class=\"section-info\">\n\t\t<div class=\"container\">\n            <div class=\"info-holder\">\n\t\t\t\t\t\t\t\t\t<div class=\"info-text\">\n\t\t\t\t\t\t\t\t\t\t\t\t\t<h2>pour les g\u00e9n\u00e9rations<\/h2>\n\t\t\t\t\t\t\t\t\t\t\t\t\t\t\t\t\t\t\t<div class=\"info-text-inner\">\n\t\t\t\t\t\t\t\t<p>L&rsquo;acier inoxydable est le mat\u00e9riau le plus respectueux de l&rsquo;environnement. D&rsquo;une part, le bilan des ressources du processus de fabrication est plus favorable que celui du b\u00e9ton. D&rsquo;autre part, l&rsquo;acier inoxydable reste stable pendant plusieurs d\u00e9cennies et ne lib\u00e8re aucune substance dans l&rsquo;eau ou dans le sol environnant. Le bilan carbone d&rsquo;une piscine en acier inoxydable est \u00e9galement bien meilleur que celui d&rsquo;autres mat\u00e9riaux de construction de piscines.<\/p>\n<p>M\u00eame \u00e0 la fin de sa dur\u00e9e de vie, la piscine en acier inoxydable est une mati\u00e8re premi\u00e8re recherch\u00e9e pour la production d&rsquo;acier.<\/p>\n\t\t\t\t\t\t\t<\/div>\n\t\t\t\t\t\t\t\t\t\t\t<\/div>\n\t\t\t\t\t\t\t\t\t\t\t\t\t<div class=\"info-image section-viewport fadeLeft\">\n\t\t\t\t\t\t\t\t\t\t\t<\/div>\n\t\t\t\t            <\/div>\n        <\/div>\n    <\/section>\n","protected":false},"excerpt":{"rendered":"","protected":false},"author":3,"featured_media":0,"parent":0,"menu_order":0,"comment_status":"closed","ping_status":"closed","template":"","meta":{"_acf_changed":false,"inline_featured_image":false,"footnotes":""},"class_list":["post-1495","page","type-page","status-publish","hentry"],"acf":[],"_links":{"self":[{"href":"https:\/\/www.hsb.eu\/fr\/wp-json\/wp\/v2\/pages\/1495","targetHints":{"allow":["GET"]}}],"collection":[{"href":"https:\/\/www.hsb.eu\/fr\/wp-json\/wp\/v2\/pages"}],"about":[{"href":"https:\/\/www.hsb.eu\/fr\/wp-json\/wp\/v2\/types\/page"}],"author":[{"embeddable":true,"href":"https:\/\/www.hsb.eu\/fr\/wp-json\/wp\/v2\/users\/3"}],"replies":[{"embeddable":true,"href":"https:\/\/www.hsb.eu\/fr\/wp-json\/wp\/v2\/comments?post=1495"}],"version-history":[{"count":3,"href":"https:\/\/www.hsb.eu\/fr\/wp-json\/wp\/v2\/pages\/1495\/revisions"}],"predecessor-version":[{"id":2102,"href":"https:\/\/www.hsb.eu\/fr\/wp-json\/wp\/v2\/pages\/1495\/revisions\/2102"}],"wp:attachment":[{"href":"https:\/\/www.hsb.eu\/fr\/wp-json\/wp\/v2\/media?parent=1495"}],"curies":[{"name":"wp","href":"https:\/\/api.w.org\/{rel}","templated":true}]}}