{"id":1513,"date":"2024-10-01T07:32:48","date_gmt":"2024-10-01T05:32:48","guid":{"rendered":"https:\/\/www.hsb.eu\/?page_id=1513"},"modified":"2025-03-24T15:06:21","modified_gmt":"2025-03-24T14:06:21","slug":"boutique-services","status":"publish","type":"page","link":"https:\/\/www.hsb.eu\/fr\/boutique-services\/","title":{"rendered":"Boutique &amp; services"},"content":{"rendered":"    <section  class=\"section-intro\">\n\t\t<div class=\"container\">\n            <div class=\"intro-holder\">            <div class=\"intro-image\">\n                <img decoding=\"async\" width=\"1794\" height=\"1598\" src=\"https:\/\/www.hsb.eu\/wp-content\/uploads\/2024\/10\/img-30.jpg\" class=\"attachment-full size-full\" alt=\"img 30\" srcset=\"https:\/\/www.hsb.eu\/wp-content\/uploads\/2024\/10\/img-30.jpg 1794w, https:\/\/www.hsb.eu\/wp-content\/uploads\/2024\/10\/img-30-300x267.jpg 300w, https:\/\/www.hsb.eu\/wp-content\/uploads\/2024\/10\/img-30-1024x912.jpg 1024w, https:\/\/www.hsb.eu\/wp-content\/uploads\/2024\/10\/img-30-768x684.jpg 768w, https:\/\/www.hsb.eu\/wp-content\/uploads\/2024\/10\/img-30-1536x1368.jpg 1536w\" sizes=\"(max-width: 1794px) 100vw, 1794px\" \/>            <\/div>\n                            <div class=\"intro-title section-viewport fadeRight\">\n                    <h2>Commander des pi\u00e8ces de rechange<\/h2>\n                <\/div>\n                <\/div>\n                    <\/div>\n    <\/section>\n\n\n    <section  class=\"section-button\">\n\t\t<div class=\"container\">\n            <div class=\"section-inner\">\n\t\t\t\t\t\t\t\t\t<a href=\"https:\/\/www.amazon.de\/stores\/PoolsBest%C2%AE\/page\/AD3B383F-E39F-4D40-A1AE-65BF8102A3F8?ref_=ast_bln\" target=\"_blank\" class=\"btn section-viewport fadeInZoom\" rel=\"noopener\">ZUM AMAZON SHOP<\/a>\n\t\t\t\t                \t\t\t\t\t<div class=\"text-holder\">\n\t\t\t\t\t\t<p>La construction de piscines est une affaire d&rsquo;une grande complexit\u00e9 dans les domaines de la planification, de la logistique \u00e0 l&rsquo;\u00e9chelle europ\u00e9enne, du savoir-faire en mati\u00e8re de mat\u00e9riaux et d&rsquo;une comp\u00e9tence technique absolue. Mais en tant que fabricant de piscines, nous visons le plus grand plaisir pour tous les baigneurs. Longue dur\u00e9e de vie et durabilit\u00e9. Nous savons comment faire. <strong>Depuis 1969 !<\/strong><\/p>\n\t\t\t\t\t<\/div>\n\t\t\t\t            <\/div>\n        <\/div>\n    <\/section>\n\n\n    <section  class=\"section-title-image secondary\">\n\t\t<div class=\"container\">\n            <div class=\"section-inner\">\n\t\t\t\t\t\t\t\t\t<div class=\"title-holder section-viewport fadeLeft js-ready in-viewport\">\n\t\t\t\t\t\t<h2>Questions et r\u00e9ponses<\/h2>\n\t\t\t\t\t<\/div>\n\t\t\t\t\t\t\t\t\t\t\t\t\t<div class=\"image-holder\">\n\t\t\t\t\t\t<img decoding=\"async\" width=\"1096\" height=\"840\" src=\"https:\/\/www.hsb.eu\/wp-content\/uploads\/2024\/10\/img-31-1096x840.jpg\" class=\"attachment-thumbnail_1096x840 size-thumbnail_1096x840\" alt=\"img 31\" \/>\t\t\t\t\t<\/div>\n\t\t\t\t            <\/div>\n        <\/div>\n    <\/section>\n\n\n    <section  class=\"section-chess\">\n\t\t<div class=\"container\">\n            <div class=\"chess-columns\">\n\t\t\t\t\t\t\t\t\t\t\t\t\t\t<div class=\"col section-viewport fadeInUp\">\n\t\t\t\t\t\t<h3>Bassin en acier inoxydable et allergie au nickel ?<\/h3>\n<p>La teneur en nickel de l&rsquo;acier inoxydable varie en fonction du type. Les baigneurs qui entrent en contact avec des piscines en acier inoxydable et qui sont allergiques au nickel peuvent se rassurer : Contrairement aux composants contenant du nickel port\u00e9s directement sur le corps, il n&rsquo;y a pas de contact direct avec le nickel lorsque l&rsquo;on touche la surface en acier inoxydable des piscines, la couche passive &#8211; la couche \u00e0 la surface qui fait de l&rsquo;acier un acier inoxydable &#8211; \u00e9tant principalement compos\u00e9e d&rsquo;oxyde de chrome. Le contact du nageur avec la surface en acier inoxydable ne provoque aucune abrasion contenant du nickel.<\/p>\n\t\t\t\t\t<\/div>\n\t\t\t\t\t\t\t\t\t\t\t\t\t\t<div class=\"col section-viewport fadeInUp\">\n\t\t\t\t\t\t<h3>Quelle est la valeur des d\u00e9chets d&rsquo;acier inoxydable ?<\/h3>\n<p>La valeur de l&rsquo;acier inoxydable \u00e0 la fin de son \u00ab cycle de vie \u00bb se forme comme les prix sur le march\u00e9 boursier. L&rsquo;offre et la demande d\u00e9terminent le prix que l&rsquo;on peut obtenir chaque jour. Comme l&rsquo;acier inoxydable est \u00e0 la fois un mat\u00e9riau de construction et une mati\u00e8re premi\u00e8re de grande valeur, le volume du march\u00e9 ne cesse d&rsquo;augmenter. Cette tendance se poursuit &#8211; l&rsquo;acier inoxydable est un \u00ab mat\u00e9riau g\u00e9n\u00e9tiquement rationnel \u00bb &#8211; car une fois produit, il sera r\u00e9utilis\u00e9 par les enfants et les petits-enfants. La durabilit\u00e9 sous sa forme la plus noble !<\/p>\n\t\t\t\t\t<\/div>\n\t\t\t\t\t\t\t\t\t<\/div><div class=\"chess-columns\">\t\t\t\t\t<div class=\"col section-viewport fadeInUp\">\n\t\t\t\t\t\t<h3>\u00c0 quoi ressemble l&rsquo;eau des bassins en acier inoxydable ?<\/h3>\n<p>La couleur de l&rsquo;eau est bleue. L&rsquo;eau filtre toutes les couleurs spectrales, sauf le bleu. En fonction de la profondeur de l&rsquo;eau, de la puret\u00e9 et de l&rsquo;incidence de la lumi\u00e8re, la surface de l&rsquo;eau dans la piscine en acier inoxydable appara\u00eet \u00e9galement bleue. Plus la profondeur de l&rsquo;eau augmente, plus le bleu devient intense et fonc\u00e9.<\/p>\n<p>Les piscines en carrelage, en polyester et en PVC donnent une impression de bleu qui n&rsquo;est pas naturelle. Les impuret\u00e9s pr\u00e9sentes dans l&rsquo;eau sont donc \u00e0 peine reconnaissables<\/p>\n<p>&nbsp;<\/p>\n<p>&nbsp;<\/p>\n\t\t\t\t\t<\/div>\n\t\t\t\t\t\t\t\t\t\t\t\t\t\t<div class=\"col section-viewport fadeInUp\">\n\t\t\t\t\t\t\t\t\t\t\t\t\t<div class=\"image-holder\">\n\t\t\t\t\t\t\t\t<img decoding=\"async\" width=\"911\" height=\"1013\" src=\"https:\/\/www.hsb.eu\/wp-content\/uploads\/2024\/10\/img-32-911x1013.jpg\" class=\"attachment-thumbnail_911x1013 size-thumbnail_911x1013\" alt=\"img 32\" srcset=\"https:\/\/www.hsb.eu\/wp-content\/uploads\/2024\/10\/img-32-911x1013.jpg 911w, https:\/\/www.hsb.eu\/wp-content\/uploads\/2024\/10\/img-32-270x300.jpg 270w, https:\/\/www.hsb.eu\/wp-content\/uploads\/2024\/10\/img-32-921x1024.jpg 921w, https:\/\/www.hsb.eu\/wp-content\/uploads\/2024\/10\/img-32-768x853.jpg 768w, https:\/\/www.hsb.eu\/wp-content\/uploads\/2024\/10\/img-32-1382x1536.jpg 1382w, https:\/\/www.hsb.eu\/wp-content\/uploads\/2024\/10\/img-32.jpg 1824w\" sizes=\"(max-width: 911px) 100vw, 911px\" \/>\t\t\t\t\t\t\t<\/div>\n\t\t\t\t\t\t\t\t\t\t\t<\/div>\n\t\t\t\t\t\t\t\t\t<\/div><div class=\"chess-columns\">\t\t\t\t\t<div class=\"col section-viewport fadeInUp\">\n\t\t\t\t\t\t<h2>Instructions d&rsquo;utilisation et d&rsquo;entretien<\/h2>\n\t\t\t\t\t<\/div>\n\t\t\t\t\t\t\t\t\t\t\t\t\t\t<div class=\"col section-viewport fadeInUp\">\n\t\t\t\t\t\t<ul>\n<li>Betriebs und Pflegeanleitung <strong>DE<\/strong> Version 2.1<\/li>\n<li>Operating and maintenance instructions <strong>EN<\/strong> Version 2.1<\/li>\n<li>Manuel dentretien et dexploitation <strong>FR<\/strong> Version 2.1<\/li>\n<li>Bruks- og vedlikeholdsanvisning <strong>NO<\/strong> Version 2.1<\/li>\n<\/ul>\n\t\t\t\t\t<\/div>\n\t\t\t\t            <\/div>\n        <\/div>\n    <\/section>\n","protected":false},"excerpt":{"rendered":"","protected":false},"author":3,"featured_media":0,"parent":0,"menu_order":0,"comment_status":"closed","ping_status":"closed","template":"","meta":{"_acf_changed":false,"inline_featured_image":false,"footnotes":""},"class_list":["post-1513","page","type-page","status-publish","hentry"],"acf":[],"_links":{"self":[{"href":"https:\/\/www.hsb.eu\/fr\/wp-json\/wp\/v2\/pages\/1513","targetHints":{"allow":["GET"]}}],"collection":[{"href":"https:\/\/www.hsb.eu\/fr\/wp-json\/wp\/v2\/pages"}],"about":[{"href":"https:\/\/www.hsb.eu\/fr\/wp-json\/wp\/v2\/types\/page"}],"author":[{"embeddable":true,"href":"https:\/\/www.hsb.eu\/fr\/wp-json\/wp\/v2\/users\/3"}],"replies":[{"embeddable":true,"href":"https:\/\/www.hsb.eu\/fr\/wp-json\/wp\/v2\/comments?post=1513"}],"version-history":[{"count":2,"href":"https:\/\/www.hsb.eu\/fr\/wp-json\/wp\/v2\/pages\/1513\/revisions"}],"predecessor-version":[{"id":2094,"href":"https:\/\/www.hsb.eu\/fr\/wp-json\/wp\/v2\/pages\/1513\/revisions\/2094"}],"wp:attachment":[{"href":"https:\/\/www.hsb.eu\/fr\/wp-json\/wp\/v2\/media?parent=1513"}],"curies":[{"name":"wp","href":"https:\/\/api.w.org\/{rel}","templated":true}]}}