{"id":1515,"date":"2024-10-01T07:34:35","date_gmt":"2024-10-01T05:34:35","guid":{"rendered":"https:\/\/www.hsb.eu\/?page_id=1515"},"modified":"2025-05-23T08:41:27","modified_gmt":"2025-05-23T06:41:27","slug":"sport","status":"publish","type":"page","link":"https:\/\/www.hsb.eu\/fr\/sport\/","title":{"rendered":"Sport"},"content":{"rendered":"    <section  class=\"section-images-text\">\n\t\t<div class=\"container\">\n                            <div class=\"images-holder\">\n                                            <div class=\"image section-viewport\">\n                                                    <\/div>\n                                                                <div class=\"image-box section-viewport fadeRight\">\n                                                            <div class=\"image-box-image\">\n                                                                    <\/div>\n                                                                                        <span class=\"image-text\">50m x 25m Bassin de comp\u00e9tition<\/span>\n                                                    <\/div>\n                                    <\/div>\n                    <\/div>\n    <\/section>\n\n\n    <section  class=\"section-images-text\">\n\t\t<div class=\"container\">\n            \t\t\t\t\t\t\t\t\t<div class=\"text-holder\">\n\t\t\t\t\t\t\t\t\t\t\t\t\t<h2>mouvement et fitness<\/h2>\n\t\t\t\t\t\t\t\t\t\t\t\t\t\t\t\t\t\t\t<div class=\"text section-viewport fadeInUp\">\n\t\t\t\t\t\t\t\t<p data-start=\"1137\" data-end=\"1441\"><strong>Nager, s&rsquo;entra\u00eener, atteindre des sommets.<\/strong> Nos piscines en acier inoxydable sont faites pour tous ceux qui consid\u00e8rent l&rsquo;eau comme un d\u00e9fi sportif. Des couloirs parfaits, une technique de courant optimale et un acier inoxydable de qualit\u00e9 sup\u00e9rieure cr\u00e9ent les meilleures conditions pour l&rsquo;entra\u00eenement, la comp\u00e9tition et les meilleures performances personnelles.<\/p>\n\t\t\t\t\t\t\t<\/div>\n\t\t\t\t\t\t\t\t\t\t\t<\/div>\n\t\t\t\t                    <\/div>\n    <\/section>\n\n\n\t\t\t<section  class=\"section-gallery bg-white\">\n\t\t\t<div class=\"container\">\n\t\t\t\t<div class=\"swiper-main-holder section-viewport fadeInUp\">\n\t\t\t\t\t<div class=\"swiper swiper-main\">\n\t\t\t\t\t\t<div class=\"swiper-wrapper\">\n\t\t\t\t\t\t\t                                <div class=\"swiper-slide\">\n                                    \t<div class=\"swiper swiper-images\">\n\t\t<div class=\"swiper-wrapper\">\n\t\t\t\t\t\t\t<div class=\"swiper-slide\">\n\t\t\t\t\t<div class=\"slide-image\">\n\t\t\t\t\t\t<img decoding=\"async\" width=\"1519\" height=\"854\" src=\"https:\/\/www.hsb.eu\/wp-content\/uploads\/2025\/02\/chartres-frankreich-sportbecken-sport-1519x854.webp\" class=\"attachment-thumbnail_1519x854 size-thumbnail_1519x854 not-transparent\" alt=\"\" data-has-transparency=\"false\" data-dominant-color=\"708d9c\" style=\"--dominant-color: #708d9c;\" \/>\t\t\t\t\t<\/div>\n\t\t\t\t<\/div>\n\t\t\t\t\t\t\t<div class=\"swiper-slide\">\n\t\t\t\t\t<div class=\"slide-image\">\n\t\t\t\t\t\t<img decoding=\"async\" width=\"1519\" height=\"854\" src=\"https:\/\/www.hsb.eu\/wp-content\/uploads\/2025\/02\/chartres-frankfreich-erlebnisbecken-innen-sport-1519x854.webp\" class=\"attachment-thumbnail_1519x854 size-thumbnail_1519x854 not-transparent\" alt=\"\" data-has-transparency=\"false\" data-dominant-color=\"83948a\" style=\"--dominant-color: #83948a;\" \/>\t\t\t\t\t<\/div>\n\t\t\t\t<\/div>\n\t\t\t\t\t\t\t<div class=\"swiper-slide\">\n\t\t\t\t\t<div class=\"slide-image\">\n\t\t\t\t\t\t<img decoding=\"async\" width=\"1200\" height=\"854\" src=\"https:\/\/www.hsb.eu\/wp-content\/uploads\/2025\/02\/chartres-frankreich-wellenbecken-sport-1200x854.webp\" class=\"attachment-thumbnail_1519x854 size-thumbnail_1519x854 not-transparent\" alt=\"\" data-has-transparency=\"false\" data-dominant-color=\"7a8683\" style=\"--dominant-color: #7a8683;\" \/>\t\t\t\t\t<\/div>\n\t\t\t\t<\/div>\n\t\t\t\t\t\t\t<div class=\"swiper-slide\">\n\t\t\t\t\t<div class=\"slide-image\">\n\t\t\t\t\t\t<img decoding=\"async\" width=\"960\" height=\"639\" src=\"https:\/\/www.hsb.eu\/wp-content\/uploads\/2025\/02\/chartres-frankreich-wasserfall-sport.webp\" class=\"attachment-thumbnail_1519x854 size-thumbnail_1519x854 not-transparent\" alt=\"\" srcset=\"https:\/\/www.hsb.eu\/wp-content\/uploads\/2025\/02\/chartres-frankreich-wasserfall-sport.webp 960w, https:\/\/www.hsb.eu\/wp-content\/uploads\/2025\/02\/chartres-frankreich-wasserfall-sport-300x200.webp 300w, https:\/\/www.hsb.eu\/wp-content\/uploads\/2025\/02\/chartres-frankreich-wasserfall-sport-768x511.webp 768w\" sizes=\"(max-width: 960px) 100vw, 960px\" data-has-transparency=\"false\" data-dominant-color=\"869591\" style=\"--dominant-color: #869591;\" \/>\t\t\t\t\t<\/div>\n\t\t\t\t<\/div>\n\t\t\t\t\t\t\t<div class=\"swiper-slide\">\n\t\t\t\t\t<div class=\"slide-image\">\n\t\t\t\t\t\t<img decoding=\"async\" width=\"1519\" height=\"854\" src=\"https:\/\/www.hsb.eu\/wp-content\/uploads\/2025\/02\/chartres-frankreich-stroemungskanal-sport-1519x854.webp\" class=\"attachment-thumbnail_1519x854 size-thumbnail_1519x854 not-transparent\" alt=\"\" data-has-transparency=\"false\" data-dominant-color=\"929076\" style=\"--dominant-color: #929076;\" \/>\t\t\t\t\t<\/div>\n\t\t\t\t<\/div>\n\t\t\t\t\t<\/div>\n\t\t<div class=\"swiper-button-next\">\n\t\t\t<span class=\"accessibility\">Next<\/span>\n\t\t\t<svg xmlns=\"http:\/\/www.w3.org\/2000\/svg\" viewBox=\"0 0 320 512\">\n\t\t\t\t<path d=\"M66.07 477.3c-1.376-1.531-2.048-3.438-2.048-5.344c0-2.188 .891-4.375 2.642-5.938L300.2 256L66.66 45.93c-3.283-2.906-3.58-8-.594-11.28c2.97-3.281 8.019-3.563 11.32-.5938l240.1 216c3.345 3 3.345 8.875 0 11.88L77.38 477.9C74.08 480.9 69.04 480.6 66.07 477.3z\" fill=\"currentColor\" \/>\n\t\t\t<\/svg>\n\t\t<\/div>\n\t\t<div class=\"swiper-button-prev\">\n\t\t\t<span class=\"accessibility\">Prev<\/span>\n\t\t\t<svg xmlns=\"http:\/\/www.w3.org\/2000\/svg\" viewBox=\"0 0 320 512\" style=\"transform: rotate(180deg);\">\n\t\t\t\t<path d=\"M66.07 477.3c-1.376-1.531-2.048-3.438-2.048-5.344c0-2.188 .891-4.375 2.642-5.938L300.2 256L66.66 45.93c-3.283-2.906-3.58-8-.594-11.28c2.97-3.281 8.019-3.563 11.32-.5938l240.1 216c3.345 3 3.345 8.875 0 11.88L77.38 477.9C74.08 480.9 69.04 480.6 66.07 477.3z\" fill=\"currentColor\" \/>\n\t\t\t<\/svg>\n\t\t<\/div>\n\t<\/div>\n<div class=\"text-holder\">\n\t\t<h3>\n\t\tChartres\t\t\t\t\t\t\t\t\t| France\t\t\t\t\t\t<\/h3>\n\t\n<p>Le sport au niveau olympique. L&rsquo;axe de l&rsquo;imposant complexe aquatique de Chartres est exactement align\u00e9 sur la cath\u00e9drale mondialement connue. Cette installation de bassins en acier inoxydable \u00e9tait jusqu&rsquo;\u00e0 pr\u00e9sent le plus grand projet jamais r\u00e9alis\u00e9 par hsb.<\/p>\n<\/div>\n\t<table>\n\t\t<thead>\n\t\t\t<tr>\n\t\t\t\t<th>Ma\u00eetre d\u2019ouvrage<\/th>\n\t\t\t\t<th>Planificateur<\/th>\n\t\t\t\t<th>\n\t\t\t\t\t<ul>\n\t\t\t\t\t\t<li>Surface d\u2019Eau<\/li>\n\t\t\t\t\t\t<li>Ann\u00e9e de Construction<\/li>\n\t\t\t\t\t<\/ul>\n\t\t\t\t<\/th>\n\t\t\t<\/tr>\n\t\t<\/thead>\n\t\t<tbody>\n\t\t\t<tr>\n\t\t\t\t<td data-label=\"Ma\u00eetre d\u2019ouvrage\">Cte d&rsquo;Agglomeration Chartres<\/td>\n\t\t\t\t<td data-label=\"Planificateur\">\n\t\t\t\t\t\t\t\t\t\t\t<ul class=\"list-plane\">\n\t\t\t\t\t\t\t\t\t\t\t\t\t\t\t<li>ARCOS Architecture<\/li>\n\t\t\t\t\t\t\t\t\t\t\t\t\t<\/ul>\n\t\t\t\t\t\t\t\t\t<\/td>\n\t\t\t\t<td data-label=\"Surface d\u2019Eau | Ann\u00e9e de Construction\">\n\t\t\t\t\t\t\t\t\t\t\t<ul>\n\t\t\t\t\t\t\t\t\t\t\t\t\t\t\t<li>3.329 m\u00b2<\/li>\n\t\t\t\t\t\t\t\t\t\t\t\t\t\t\t\t\t\t\t\t\t\t<li>2006<\/li>\n\t\t\t\t\t\t\t\t\t\t\t\t\t<\/ul>\n\t\t\t\t\t\t\t\t\t<\/td>\n\t\t\t<\/tr>\n\t\t<\/tbody>\n\t<\/table>\n                                <\/div>\n\t\t\t\t\t\t\t                                <div class=\"swiper-slide\">\n                                    \t<div class=\"swiper swiper-images\">\n\t\t<div class=\"swiper-wrapper\">\n\t\t\t\t\t\t\t<div class=\"swiper-slide\">\n\t\t\t\t\t<div class=\"slide-image\">\n\t\t\t\t\t\t<img decoding=\"async\" width=\"1519\" height=\"854\" src=\"https:\/\/www.hsb.eu\/wp-content\/uploads\/2025\/02\/dresden-freiberger-platz-deutschland-50m-becken-sport-1519x854.webp\" class=\"attachment-thumbnail_1519x854 size-thumbnail_1519x854 not-transparent\" alt=\"\" data-has-transparency=\"false\" data-dominant-color=\"809c96\" style=\"--dominant-color: #809c96;\" \/>\t\t\t\t\t<\/div>\n\t\t\t\t<\/div>\n\t\t\t\t\t\t\t<div class=\"swiper-slide\">\n\t\t\t\t\t<div class=\"slide-image\">\n\t\t\t\t\t\t<img decoding=\"async\" width=\"1519\" height=\"854\" src=\"https:\/\/www.hsb.eu\/wp-content\/uploads\/2025\/02\/dresden-freiberger-platz-deutschland-lehrschwimmbecken-sport-1519x854.webp\" class=\"attachment-thumbnail_1519x854 size-thumbnail_1519x854 not-transparent\" alt=\"\" data-has-transparency=\"false\" data-dominant-color=\"89938c\" style=\"--dominant-color: #89938c;\" \/>\t\t\t\t\t<\/div>\n\t\t\t\t<\/div>\n\t\t\t\t\t<\/div>\n\t\t<div class=\"swiper-button-next\">\n\t\t\t<span class=\"accessibility\">Next<\/span>\n\t\t\t<svg xmlns=\"http:\/\/www.w3.org\/2000\/svg\" viewBox=\"0 0 320 512\">\n\t\t\t\t<path d=\"M66.07 477.3c-1.376-1.531-2.048-3.438-2.048-5.344c0-2.188 .891-4.375 2.642-5.938L300.2 256L66.66 45.93c-3.283-2.906-3.58-8-.594-11.28c2.97-3.281 8.019-3.563 11.32-.5938l240.1 216c3.345 3 3.345 8.875 0 11.88L77.38 477.9C74.08 480.9 69.04 480.6 66.07 477.3z\" fill=\"currentColor\" \/>\n\t\t\t<\/svg>\n\t\t<\/div>\n\t\t<div class=\"swiper-button-prev\">\n\t\t\t<span class=\"accessibility\">Prev<\/span>\n\t\t\t<svg xmlns=\"http:\/\/www.w3.org\/2000\/svg\" viewBox=\"0 0 320 512\" style=\"transform: rotate(180deg);\">\n\t\t\t\t<path d=\"M66.07 477.3c-1.376-1.531-2.048-3.438-2.048-5.344c0-2.188 .891-4.375 2.642-5.938L300.2 256L66.66 45.93c-3.283-2.906-3.58-8-.594-11.28c2.97-3.281 8.019-3.563 11.32-.5938l240.1 216c3.345 3 3.345 8.875 0 11.88L77.38 477.9C74.08 480.9 69.04 480.6 66.07 477.3z\" fill=\"currentColor\" \/>\n\t\t\t<\/svg>\n\t\t<\/div>\n\t<\/div>\n<div class=\"text-holder\">\n\t\t<h3>\n\t\tDresden Freiberger Platz\t\t\t\t\t\t\t\t\t| Allemagne\t\t\t\t\t\t<\/h3>\n\t\n<p>Le complexe de b\u00e2timents Schwimm- und Sprunghalle Freiberger Platz est la plus grande installation sportive de Dresde pour la natation et le plongeon. La nouvelle piscine couverte dispose d&rsquo;un bassin en acier inoxydable de huit couloirs de 50 m\u00e8tres et d&rsquo;un bassin d&rsquo;apprentissage.<\/p>\n<\/div>\n\t<table>\n\t\t<thead>\n\t\t\t<tr>\n\t\t\t\t<th>Ma\u00eetre d\u2019ouvrage<\/th>\n\t\t\t\t<th>Planificateur<\/th>\n\t\t\t\t<th>\n\t\t\t\t\t<ul>\n\t\t\t\t\t\t<li>Surface d\u2019Eau<\/li>\n\t\t\t\t\t\t<li>Ann\u00e9e de Construction<\/li>\n\t\t\t\t\t<\/ul>\n\t\t\t\t<\/th>\n\t\t\t<\/tr>\n\t\t<\/thead>\n\t\t<tbody>\n\t\t\t<tr>\n\t\t\t\t<td data-label=\"Ma\u00eetre d\u2019ouvrage\">Dresdner B\u00e4der GmbH<\/td>\n\t\t\t\t<td data-label=\"Planificateur\">\n\t\t\t\t\t\t\t\t\t\t\t<ul class=\"list-plane\">\n\t\t\t\t\t\t\t\t\t\t\t\t\t\t\t<li>ARGE CODE UNIQUE<\/li>\n\t\t\t\t\t\t\t\t\t\t\t\t\t\t\t<li>Bassin USO Zittau GmbH<\/li>\n\t\t\t\t\t\t\t\t\t\t\t\t\t<\/ul>\n\t\t\t\t\t\t\t\t\t<\/td>\n\t\t\t\t<td data-label=\"Surface d\u2019Eau | Ann\u00e9e de Construction\">\n\t\t\t\t\t\t\t\t\t\t\t<ul>\n\t\t\t\t\t\t\t\t\t\t\t\t\t\t\t<li>1.150 m\u00b2<\/li>\n\t\t\t\t\t\t\t\t\t\t\t\t\t\t\t\t\t\t\t\t\t\t<li>2014<\/li>\n\t\t\t\t\t\t\t\t\t\t\t\t\t<\/ul>\n\t\t\t\t\t\t\t\t\t<\/td>\n\t\t\t<\/tr>\n\t\t<\/tbody>\n\t<\/table>\n                                <\/div>\n\t\t\t\t\t\t\t                                <div class=\"swiper-slide\">\n                                    \t<div class=\"swiper swiper-images\">\n\t\t<div class=\"swiper-wrapper\">\n\t\t\t\t\t\t\t<div class=\"swiper-slide\">\n\t\t\t\t\t<div class=\"slide-image\">\n\t\t\t\t\t\t<img decoding=\"async\" width=\"1453\" height=\"854\" src=\"https:\/\/www.hsb.eu\/wp-content\/uploads\/2025\/02\/hennigsdorf-deutschland-bewegungsbecken-sport-1453x854.webp\" class=\"attachment-thumbnail_1519x854 size-thumbnail_1519x854 not-transparent\" alt=\"\" data-has-transparency=\"false\" data-dominant-color=\"8c796b\" style=\"--dominant-color: #8c796b;\" \/>\t\t\t\t\t<\/div>\n\t\t\t\t<\/div>\n\t\t\t\t\t\t\t<div class=\"swiper-slide\">\n\t\t\t\t\t<div class=\"slide-image\">\n\t\t\t\t\t\t<img decoding=\"async\" width=\"1453\" height=\"854\" src=\"https:\/\/www.hsb.eu\/wp-content\/uploads\/2025\/02\/hennigsdorf-deutschland-sportbecken-sport-1453x854.webp\" class=\"attachment-thumbnail_1519x854 size-thumbnail_1519x854 not-transparent\" alt=\"\" data-has-transparency=\"false\" data-dominant-color=\"87817d\" style=\"--dominant-color: #87817d;\" \/>\t\t\t\t\t<\/div>\n\t\t\t\t<\/div>\n\t\t\t\t\t<\/div>\n\t\t<div class=\"swiper-button-next\">\n\t\t\t<span class=\"accessibility\">Next<\/span>\n\t\t\t<svg xmlns=\"http:\/\/www.w3.org\/2000\/svg\" viewBox=\"0 0 320 512\">\n\t\t\t\t<path d=\"M66.07 477.3c-1.376-1.531-2.048-3.438-2.048-5.344c0-2.188 .891-4.375 2.642-5.938L300.2 256L66.66 45.93c-3.283-2.906-3.58-8-.594-11.28c2.97-3.281 8.019-3.563 11.32-.5938l240.1 216c3.345 3 3.345 8.875 0 11.88L77.38 477.9C74.08 480.9 69.04 480.6 66.07 477.3z\" fill=\"currentColor\" \/>\n\t\t\t<\/svg>\n\t\t<\/div>\n\t\t<div class=\"swiper-button-prev\">\n\t\t\t<span class=\"accessibility\">Prev<\/span>\n\t\t\t<svg xmlns=\"http:\/\/www.w3.org\/2000\/svg\" viewBox=\"0 0 320 512\" style=\"transform: rotate(180deg);\">\n\t\t\t\t<path d=\"M66.07 477.3c-1.376-1.531-2.048-3.438-2.048-5.344c0-2.188 .891-4.375 2.642-5.938L300.2 256L66.66 45.93c-3.283-2.906-3.58-8-.594-11.28c2.97-3.281 8.019-3.563 11.32-.5938l240.1 216c3.345 3 3.345 8.875 0 11.88L77.38 477.9C74.08 480.9 69.04 480.6 66.07 477.3z\" fill=\"currentColor\" \/>\n\t\t\t<\/svg>\n\t\t<\/div>\n\t<\/div>\n<div class=\"text-holder\">\n\t\t<h3>\n\t\tHennigsdorf\t\t\t\t\t\t\t\t\t| Allemagne\t\t\t\t\t\t<\/h3>\n\t<\/div>\n\t<table>\n\t\t<thead>\n\t\t\t<tr>\n\t\t\t\t<th>Ma\u00eetre d\u2019ouvrage<\/th>\n\t\t\t\t<th>Planificateur<\/th>\n\t\t\t\t<th>\n\t\t\t\t\t<ul>\n\t\t\t\t\t\t<li>Surface d\u2019Eau<\/li>\n\t\t\t\t\t\t<li>Ann\u00e9e de Construction<\/li>\n\t\t\t\t\t<\/ul>\n\t\t\t\t<\/th>\n\t\t\t<\/tr>\n\t\t<\/thead>\n\t\t<tbody>\n\t\t\t<tr>\n\t\t\t\t<td data-label=\"Ma\u00eetre d\u2019ouvrage\">Piscine municipale de Hennigsdorf GmbH<\/td>\n\t\t\t\t<td data-label=\"Planificateur\">\n\t\t\t\t\t\t\t\t\t\t\t<ul class=\"list-plane\">\n\t\t\t\t\t\t\t\t\t\t\t\t\t\t\t<li>Planification de la construction Bautzen GmbH<\/li>\n\t\t\t\t\t\t\t\t\t\t\t\t\t<\/ul>\n\t\t\t\t\t\t\t\t\t<\/td>\n\t\t\t\t<td data-label=\"Surface d\u2019Eau | Ann\u00e9e de Construction\">\n\t\t\t\t\t\t\t\t\t\t\t<ul>\n\t\t\t\t\t\t\t\t\t\t\t\t\t\t\t<li>486 m\u00b2<\/li>\n\t\t\t\t\t\t\t\t\t\t\t\t\t\t\t\t\t\t\t\t\t\t<li>2023<\/li>\n\t\t\t\t\t\t\t\t\t\t\t\t\t<\/ul>\n\t\t\t\t\t\t\t\t\t<\/td>\n\t\t\t<\/tr>\n\t\t<\/tbody>\n\t<\/table>\n                                <\/div>\n\t\t\t\t\t\t\t                                <div class=\"swiper-slide\">\n                                    \t<div class=\"swiper swiper-images\">\n\t\t<div class=\"swiper-wrapper\">\n\t\t\t\t\t\t\t<div class=\"swiper-slide\">\n\t\t\t\t\t<div class=\"slide-image\">\n\t\t\t\t\t\t<img decoding=\"async\" width=\"1519\" height=\"854\" src=\"https:\/\/www.hsb.eu\/wp-content\/uploads\/2025\/02\/zell-am-see-oesterreich-schwimmerbecken-sport-1519x854.webp\" class=\"attachment-thumbnail_1519x854 size-thumbnail_1519x854 not-transparent\" alt=\"\" data-has-transparency=\"false\" data-dominant-color=\"868f86\" style=\"--dominant-color: #868f86;\" \/>\t\t\t\t\t<\/div>\n\t\t\t\t<\/div>\n\t\t\t\t\t<\/div>\n\t\t<div class=\"swiper-button-next\">\n\t\t\t<span class=\"accessibility\">Next<\/span>\n\t\t\t<svg xmlns=\"http:\/\/www.w3.org\/2000\/svg\" viewBox=\"0 0 320 512\">\n\t\t\t\t<path d=\"M66.07 477.3c-1.376-1.531-2.048-3.438-2.048-5.344c0-2.188 .891-4.375 2.642-5.938L300.2 256L66.66 45.93c-3.283-2.906-3.58-8-.594-11.28c2.97-3.281 8.019-3.563 11.32-.5938l240.1 216c3.345 3 3.345 8.875 0 11.88L77.38 477.9C74.08 480.9 69.04 480.6 66.07 477.3z\" fill=\"currentColor\" \/>\n\t\t\t<\/svg>\n\t\t<\/div>\n\t\t<div class=\"swiper-button-prev\">\n\t\t\t<span class=\"accessibility\">Prev<\/span>\n\t\t\t<svg xmlns=\"http:\/\/www.w3.org\/2000\/svg\" viewBox=\"0 0 320 512\" style=\"transform: rotate(180deg);\">\n\t\t\t\t<path d=\"M66.07 477.3c-1.376-1.531-2.048-3.438-2.048-5.344c0-2.188 .891-4.375 2.642-5.938L300.2 256L66.66 45.93c-3.283-2.906-3.58-8-.594-11.28c2.97-3.281 8.019-3.563 11.32-.5938l240.1 216c3.345 3 3.345 8.875 0 11.88L77.38 477.9C74.08 480.9 69.04 480.6 66.07 477.3z\" fill=\"currentColor\" \/>\n\t\t\t<\/svg>\n\t\t<\/div>\n\t<\/div>\n<div class=\"text-holder\">\n\t\t<h3>\n\t\tZell am See\t\t\t\t\t\t\t\t\t| Autriche\t\t\t\t\t\t<\/h3>\n\t<\/div>\n\t<table>\n\t\t<thead>\n\t\t\t<tr>\n\t\t\t\t<th>Ma\u00eetre d\u2019ouvrage<\/th>\n\t\t\t\t<th>Planificateur<\/th>\n\t\t\t\t<th>\n\t\t\t\t\t<ul>\n\t\t\t\t\t\t<li>Surface d\u2019Eau<\/li>\n\t\t\t\t\t\t<li>Ann\u00e9e de Construction<\/li>\n\t\t\t\t\t<\/ul>\n\t\t\t\t<\/th>\n\t\t\t<\/tr>\n\t\t<\/thead>\n\t\t<tbody>\n\t\t\t<tr>\n\t\t\t\t<td data-label=\"Ma\u00eetre d\u2019ouvrage\">Commune de Zell am See<\/td>\n\t\t\t\t<td data-label=\"Planificateur\">\n\t\t\t\t\t\t\t\t\t\t\t<ul class=\"list-plane\">\n\t\t\t\t\t\t\t\t\t\t\t\t\t\t\t<li>Bureau d&rsquo;architecture GINNER<\/li>\n\t\t\t\t\t\t\t\t\t\t\t\t\t<\/ul>\n\t\t\t\t\t\t\t\t\t<\/td>\n\t\t\t\t<td data-label=\"Surface d\u2019Eau | Ann\u00e9e de Construction\">\n\t\t\t\t\t\t\t\t\t\t\t<ul>\n\t\t\t\t\t\t\t\t\t\t\t\t\t\t\t<li>312 m\u00b2<\/li>\n\t\t\t\t\t\t\t\t\t\t\t\t\t\t\t\t\t\t\t\t\t\t<li>2010<\/li>\n\t\t\t\t\t\t\t\t\t\t\t\t\t<\/ul>\n\t\t\t\t\t\t\t\t\t<\/td>\n\t\t\t<\/tr>\n\t\t<\/tbody>\n\t<\/table>\n                                <\/div>\n\t\t\t\t\t\t\t\t\t\t\t\t\t<\/div>\n\t\t\t\t\t<\/div>\n\t\t\t\t\t<div class=\"swiper-nav\">\n\t\t\t\t\t\t<div class=\"swiper-button-prev\">\n                            <span>&lt;&lt; Vorherige Referenz<\/span>\n\t\t\t\t\t\t<\/div>\n\t\t\t\t\t\t<div class=\"swiper-button-next\">\n                            <span>R\u00e9f\u00e9rence Suivante &gt;&gt;<\/span>\n\t\t\t\t\t\t<\/div>\n\t\t\t\t\t<\/div>\n\t\t\t\t<\/div>\n\t\t\t<\/div>\n\t\t<\/section>\n\t\t","protected":false},"excerpt":{"rendered":"","protected":false},"author":3,"featured_media":0,"parent":0,"menu_order":0,"comment_status":"closed","ping_status":"closed","template":"","meta":{"_acf_changed":false,"inline_featured_image":false,"footnotes":""},"class_list":["post-1515","page","type-page","status-publish","hentry"],"acf":[],"_links":{"self":[{"href":"https:\/\/www.hsb.eu\/fr\/wp-json\/wp\/v2\/pages\/1515","targetHints":{"allow":["GET"]}}],"collection":[{"href":"https:\/\/www.hsb.eu\/fr\/wp-json\/wp\/v2\/pages"}],"about":[{"href":"https:\/\/www.hsb.eu\/fr\/wp-json\/wp\/v2\/types\/page"}],"author":[{"embeddable":true,"href":"https:\/\/www.hsb.eu\/fr\/wp-json\/wp\/v2\/users\/3"}],"replies":[{"embeddable":true,"href":"https:\/\/www.hsb.eu\/fr\/wp-json\/wp\/v2\/comments?post=1515"}],"version-history":[{"count":5,"href":"https:\/\/www.hsb.eu\/fr\/wp-json\/wp\/v2\/pages\/1515\/revisions"}],"predecessor-version":[{"id":2290,"href":"https:\/\/www.hsb.eu\/fr\/wp-json\/wp\/v2\/pages\/1515\/revisions\/2290"}],"wp:attachment":[{"href":"https:\/\/www.hsb.eu\/fr\/wp-json\/wp\/v2\/media?parent=1515"}],"curies":[{"name":"wp","href":"https:\/\/api.w.org\/{rel}","templated":true}]}}