{"id":1519,"date":"2024-10-01T07:33:27","date_gmt":"2024-10-01T05:33:27","guid":{"rendered":"https:\/\/www.hsb.eu\/?page_id=1519"},"modified":"2025-05-26T10:54:54","modified_gmt":"2025-05-26T08:54:54","slug":"technique","status":"publish","type":"page","link":"https:\/\/www.hsb.eu\/fr\/technique\/","title":{"rendered":"Technique"},"content":{"rendered":"    <section  class=\"section-desc\">\n\t\t<div class=\"container\">\n\t\t\t\t\t\t\t<h2>L&rsquo;acier inoxydable est le mat\u00e9riau de construction le plus noble et de la plus haute qualit\u00e9.<\/h2>\n\t\t\t\t\t\t\t\t\t\t<div class=\"desc-image section-viewport fadeLeft\">\n\t\t\t\t\t<img decoding=\"async\" width=\"1340\" height=\"1023\" src=\"https:\/\/www.hsb.eu\/wp-content\/uploads\/2024\/10\/img-30-1340x1023.jpg\" class=\"attachment-thumbnail_1340x1023 size-thumbnail_1340x1023\" alt=\"hsb-swimmer\" \/>\t\t\t\t<\/div>\n\t\t\t\t\t\t\t\t\t\t<div class=\"desc-text section-viewport fadeInUp\">\n\t\t\t\t\t<p>Chez hsb, les piscines en acier inoxydable sont le fruit de plusieurs d\u00e9cennies d&rsquo;exp\u00e9rience. En tant que fabricant leader de piscines en acier inoxydable, nous avons d\u00e9velopp\u00e9 des solutions qui sont tout simplement meilleures pour certains probl\u00e8mes dans les domaines de la technique, de la planification, de la production et du montage.<\/p>\n\t\t\t\t<\/div>\n\t\t\t        <\/div>\n    <\/section>\n\n\n    <section  class=\"section-gallery section-gallery-secondary bg-white\">\n\t\t<div class=\"container\">\n            <div class=\"swiper-secondary-holder section-viewport fadeRight\">\n                <div class=\"swiper swiper-secondary\">\n                    <div class=\"swiper-wrapper\">\n\t\t\t\t\t\t\t\t\t\t\t\t\t<div class=\"swiper-slide\">\n\t\t\t\t\t\t\t\t\t\t\t\t\t\t\t\t\t<div class=\"gallery-image\">\n\t\t\t\t\t\t\t\t\t\t\t\t\t\t\t\t\t\t\t<\/div>\n\t\t\t\t\t\t\t\t\t\t\t\t\t\t\t\t\t\t\t\t\t\t\t\t\t<h3>Hydraulique du bassin<\/h3>\n\t\t\t\t\t\t\t\t\t\t\t\t\t\t\t\t<h4>Guidage ing\u00e9nieux du flux pour un \u00e9coulement uniforme<\/h4>\n<p>L&rsquo;eau de baignade trait\u00e9e est amen\u00e9e exclusivement par des canaux de fond qui courent dans le fond du bassin. Il s&rsquo;agit de caniveaux ouverts vers le haut, recouverts de couvercles amovibles, y compris les buses d&rsquo;entr\u00e9e.<\/p>\n<p>La surface de ces couvercles est lisse ou antid\u00e9rapante, comme celle du fond du bassin.<br \/>\nL&rsquo;\u00e9tanch\u00e9it\u00e9 entre le canal et le couvercle est assur\u00e9e par un joint p\u00e9riph\u00e9rique en EPDM solidement fix\u00e9. Deux l\u00e8vres d&rsquo;\u00e9tanch\u00e9it\u00e9 garantissent une \u00e9tanch\u00e9it\u00e9 \u00e0 100 %.<\/p>\n<p>Il est ainsi garanti que l&rsquo;entr\u00e9e d&rsquo;eau se fait exclusivement par les buses. Leur forme assure l&rsquo;\u00e9jection extraordinairement plate de l&rsquo;eau au fond et atteint ainsi tout le sol. Il n&rsquo;y a pas de flux secondaire directement vers le haut qui perturbe un \u00e9coulement r\u00e9gulier.<\/p>\n\t\t\t\t\t\t\t<\/div>\n\t\t\t\t\t\t\t\t\t\t\t\t\t<div class=\"swiper-slide\">\n\t\t\t\t\t\t\t\t\t\t\t\t\t\t\t\t\t<div class=\"gallery-image\">\n\t\t\t\t\t\t\t\t\t\t\t\t\t\t\t\t\t\t\t<\/div>\n\t\t\t\t\t\t\t\t\t\t\t\t\t\t\t\t\t\t\t\t\t\t\t\t\t<h3>Lits de massage \u00e0 jets<\/h3>\n\t\t\t\t\t\t\t\t\t\t\t\t\t\t\t\t<h4>Le plaisir p\u00e9tillant de l&rsquo;acier inoxydable<\/h4>\n<p>Dans la surface de couchage confortable, les places allong\u00e9es sont clairement d\u00e9termin\u00e9es par le motif de perforation adapt\u00e9 au corps. Gr\u00e2ce \u00e0 cette perforation, l&rsquo;air qui s&rsquo;\u00e9l\u00e8ve de la lance d&rsquo;alimentation en air situ\u00e9e en dessous entoure les baigneurs allong\u00e9s et d\u00e9tendus. Gr\u00e2ce \u00e0 la distance entre la lance \u00e0 air et la surface de couchage, l&rsquo;air a suffisamment de temps pour prendre la temp\u00e9rature de l&rsquo;eau du bain. Dans la zone de la nuque, un coussin rempli d&rsquo;air assure le confort.<\/p>\n<p>Le diam\u00e8tre des diff\u00e9rents passages dans le sch\u00e9ma des trous est inf\u00e9rieur \u00e0 8 mm et garantit qu&rsquo;aucun bijou corporel ne puisse \u00eatre perdu. Les lits baln\u00e9o sont con\u00e7us comme des structures ferm\u00e9es. Pour un nettoyage minimal, les lits baln\u00e9o sont rabattables.<\/p>\n\t\t\t\t\t\t\t<\/div>\n\t\t\t\t\t\t\t\t\t\t\t\t\t<div class=\"swiper-slide\">\n\t\t\t\t\t\t\t\t\t\t\t\t\t\t\t\t\t<div class=\"gallery-image\">\n\t\t\t\t\t\t\t\t\t\t\t\t\t\t\t\t\t\t\t<\/div>\n\t\t\t\t\t\t\t\t\t\t\t\t\t\t\t\t\t\t\t\t\t\t\t\t\t<h3>Marches et acc\u00e8s <\/h3>\n\t\t\t\t\t\t\t\t\t\t\t\t\t\t\t\t<h4>Le beau chemin vers le bassin<\/h4>\n<p>Un acc\u00e8s confortable et s\u00fbr est essentiel pour profiter pleinement de la baignade. Nos escaliers et acc\u00e8s de haute qualit\u00e9 pour les piscines en acier inoxydable allient un design moderne \u00e0 un maximum de confort et de fonctionnalit\u00e9.<\/p>\n<p>Nous proposons des solutions sur mesure pour chaque taille de piscine et chaque besoin. L&rsquo;acier inoxydable ne s\u00e9duit pas seulement par son aspect noble, mais aussi par sa long\u00e9vit\u00e9 et sa facilit\u00e9 d&rsquo;entretien.<\/p>\n<p>Profitez des joies de la baignade avec style et d&rsquo;une entr\u00e9e parfaite dans votre exp\u00e9rience de la piscine !<\/p>\n\t\t\t\t\t\t\t<\/div>\n\t\t\t\t\t\t                    <\/div>\n                <\/div>\n                <div class=\"swiper-nav\">\n                    <div class=\"swiper-button-prev\">\n                        <span class=\"accessibility\">Prev<\/span>\n\t\t\t\t\t\t<svg xmlns=\"http:\/\/www.w3.org\/2000\/svg\" xmlns:xlink=\"http:\/\/www.w3.org\/1999\/xlink\" width=\"90\" height=\"66.021\" viewBox=\"0 0 90 66.021\">\n                            <g data- name=\"Gruppe 120\" transform=\"translate(90 -22.372) rotate(180)\">\n                                <g data-name=\"Gruppe 14\" transform=\"translate(0 -88.393)\">\n                                    <g data-name=\"Gruppe 12\" transform=\"translate(56.989 0.721)\">\n                                        <path data-name=\"Pfad 8\" d=\"M0-21.884,32.29-54.173,0-86.463\" transform=\"translate(0 86.463)\"\n                                            fill=\"none\" stroke=\"currentColor\" stroke-linecap=\"round\" stroke-linejoin=\"round\"\n                                            stroke-width=\"1.93\" \/>\n                                    <\/g>\n                                    <g data-name=\"Gruppe 13\" transform=\"translate(0 33.011)\">\n                                        <path data-name=\"Pfad 9\" d=\"M-29.642,0h-87.475\" transform=\"translate(117.117 0)\" fill=\"none\"\n                                            stroke=\"currentColor\" stroke-linejoin=\"round\" stroke-width=\"1.93\" \/>\n                                    <\/g>\n                                <\/g>\n                            <\/g>\n                        <\/svg>\n                    <\/div>\n                    <div class=\"swiper-button-next\">\n                        <span class=\"accessibility\">Next<\/span>\n\t\t\t\t\t\t<svg xmlns=\"http:\/\/www.w3.org\/2000\/svg\" xmlns:xlink=\"http:\/\/www.w3.org\/1999\/xlink\" width=\"120.498\" height=\"88.393\" viewBox=\"0 0 120.498 88.393\">\n                            <g data-name=\"Group 14\" transform=\"translate(0 88.393)\">\n                                <g data-name=\"Group 12\" transform=\"translate(76.301 -0.965)\">\n                                    <path id=\"Path_8\" data-name=\"Path 8\" d=\"M0,0,43.232-43.231,0-86.463\" fill=\"none\"\n                                        stroke=\"currentColor\" stroke-linecap=\"round\" stroke-linejoin=\"round\" stroke-width=\"1.93\" \/>\n                                <\/g>\n                                <g id=\"Group_13\" data-name=\"Group 13\" transform=\"translate(117.117 -44.196)\">\n                                    <path data-name=\"Path 9\" d=\"M0,0H-117.117\" fill=\"none\" stroke=\"currentColor\" stroke-linejoin=\"round\"\n                                        stroke-width=\"1.93\" \/>\n                                <\/g>\n                            <\/g>\n                        <\/svg>\n                    <\/div>\n                <\/div>\n            <\/div>\n        <\/div>\n    <\/section>\n\n\n    <section  class=\"section-title-image\">\n\t\t<div class=\"container\">\n            <div class=\"section-inner border-top\">\n\t\t\t\t\t\t\t\t\t<div class=\"title-holder section-viewport fadeInZoom\">\n\t\t\t\t\t\t<h2>Durabilit\u00e9 et qualit\u00e9<\/h2>\n\t\t\t\t\t<\/div>\n\t\t\t\t\t\t\t\t\t\t\t\t\t<div class=\"image-holder\">\n\t\t\t\t\t\t<img decoding=\"async\" width=\"1096\" height=\"665\" src=\"https:\/\/www.hsb.eu\/wp-content\/uploads\/2024\/10\/img-29.jpg\" class=\"attachment-thumbnail_1096x840 size-thumbnail_1096x840\" alt=\"img 29\" srcset=\"https:\/\/www.hsb.eu\/wp-content\/uploads\/2024\/10\/img-29.jpg 2160w, https:\/\/www.hsb.eu\/wp-content\/uploads\/2024\/10\/img-29-300x182.jpg 300w, https:\/\/www.hsb.eu\/wp-content\/uploads\/2024\/10\/img-29-1024x622.jpg 1024w, https:\/\/www.hsb.eu\/wp-content\/uploads\/2024\/10\/img-29-768x466.jpg 768w, https:\/\/www.hsb.eu\/wp-content\/uploads\/2024\/10\/img-29-1536x932.jpg 1536w, https:\/\/www.hsb.eu\/wp-content\/uploads\/2024\/10\/img-29-2048x1243.jpg 2048w\" sizes=\"(max-width: 1096px) 100vw, 1096px\" \/>\t\t\t\t\t<\/div>\n\t\t\t\t            <\/div>\n        <\/div>\n    <\/section>\n","protected":false},"excerpt":{"rendered":"","protected":false},"author":3,"featured_media":0,"parent":0,"menu_order":0,"comment_status":"closed","ping_status":"closed","template":"","meta":{"_acf_changed":false,"inline_featured_image":false,"footnotes":""},"class_list":["post-1519","page","type-page","status-publish","hentry"],"acf":[],"_links":{"self":[{"href":"https:\/\/www.hsb.eu\/fr\/wp-json\/wp\/v2\/pages\/1519","targetHints":{"allow":["GET"]}}],"collection":[{"href":"https:\/\/www.hsb.eu\/fr\/wp-json\/wp\/v2\/pages"}],"about":[{"href":"https:\/\/www.hsb.eu\/fr\/wp-json\/wp\/v2\/types\/page"}],"author":[{"embeddable":true,"href":"https:\/\/www.hsb.eu\/fr\/wp-json\/wp\/v2\/users\/3"}],"replies":[{"embeddable":true,"href":"https:\/\/www.hsb.eu\/fr\/wp-json\/wp\/v2\/comments?post=1519"}],"version-history":[{"count":6,"href":"https:\/\/www.hsb.eu\/fr\/wp-json\/wp\/v2\/pages\/1519\/revisions"}],"predecessor-version":[{"id":2402,"href":"https:\/\/www.hsb.eu\/fr\/wp-json\/wp\/v2\/pages\/1519\/revisions\/2402"}],"wp:attachment":[{"href":"https:\/\/www.hsb.eu\/fr\/wp-json\/wp\/v2\/media?parent=1519"}],"curies":[{"name":"wp","href":"https:\/\/api.w.org\/{rel}","templated":true}]}}