{"id":1521,"date":"2024-10-03T11:10:44","date_gmt":"2024-10-03T09:10:44","guid":{"rendered":"https:\/\/www.hsb.eu\/?page_id=1521"},"modified":"2025-03-24T15:15:29","modified_gmt":"2025-03-24T14:15:29","slug":"paroi-de-bassin","status":"publish","type":"page","link":"https:\/\/www.hsb.eu\/fr\/technique-connexion\/paroi-de-bassin\/","title":{"rendered":"Paroi de bassin"},"content":{"rendered":"    <section  class=\"section-images-text\">\n\t\t<div class=\"container\">\n                            <div class=\"images-holder\">\n                                            <div class=\"image section-viewport\">\n                                                    <\/div>\n                                                                <div class=\"image-box section-viewport fadeRight\">\n                                                            <div class=\"image-box-image\">\n                                                                    <\/div>\n                                                                                <\/div>\n                                    <\/div>\n                    <\/div>\n    <\/section>\n\n\n    <section  class=\"section-images-text\">\n\t\t<div class=\"container\">\n            \t\t\t\t\t\t\t\t\t\t\t\t\t\t\t<div class=\"title-holder section-viewport fadeInUp\">\n\t\t\t\t\t\t\t<h2>Paroi de bassin <\/h2>\n\t\t\t\t\t\t<\/div>\n\t\t\t\t\t\t\t\t\t\t\t\t\t\t\t\t<div class=\"text section-viewport fadeInUp\">\n\t\t\t\t\t\t\t<h3>Limitation avec stabilit\u00e9 autoportante<\/h3>\n<p>La paroi du bassin en acier inoxydable est autoportante jusqu&rsquo;\u00e0 une profondeur d&rsquo;eau de 2,2 m\u00e8tres.<\/p>\n<p>Les charges sont transmises \u00e0 l&rsquo;extr\u00e9mit\u00e9 sup\u00e9rieure (t\u00eate du bassin) sur le plafond du pourtour du bassin pour les piscines couvertes et sur la semelle filante pour les piscines en plein air. Au pied de la paroi du bassin, les charges sont transmises dans les deux cas sur la semelle filante.<\/p>\n<p>Lors de la r\u00e9novation de bassins sportifs carrel\u00e9s, afin de respecter les dimensions de comp\u00e9tition prescrites, les carreaux sont g\u00e9n\u00e9ralement cass\u00e9s sur les parois frontales jusqu&rsquo;\u00e0 la marche d&rsquo;appui. Cela laisse de la place pour la construction en acier inoxydable de 50 mm d&rsquo;\u00e9paisseur. Sur les parois longitudinales, on accepte g\u00e9n\u00e9ralement une r\u00e9duction de la largeur du bassin de 100 mm au total.<\/p>\n<p>Pour les bassins \u00e0 plongeon, les fondations en bandes atteignent une profondeur d&rsquo;eau de 2,2 m. Elles sont rev\u00eatues de t\u00f4les d&rsquo;acier inoxydable. Si la fosse de plongeon s&rsquo;avance dans la nappe phr\u00e9atique, il faut r\u00e9aliser un bac en b\u00e9ton afin de tenir la nappe \u00e9loign\u00e9e.<\/p>\n\t\t\t\t\t\t<\/div>\n\t\t\t\t\t\t\t\t\t                    <\/div>\n    <\/section>\n\n\n","protected":false},"excerpt":{"rendered":"","protected":false},"author":3,"featured_media":252,"parent":1597,"menu_order":1,"comment_status":"closed","ping_status":"closed","template":"","meta":{"_acf_changed":false,"inline_featured_image":false,"footnotes":""},"class_list":["post-1521","page","type-page","status-publish","has-post-thumbnail","hentry"],"acf":[],"_links":{"self":[{"href":"https:\/\/www.hsb.eu\/fr\/wp-json\/wp\/v2\/pages\/1521","targetHints":{"allow":["GET"]}}],"collection":[{"href":"https:\/\/www.hsb.eu\/fr\/wp-json\/wp\/v2\/pages"}],"about":[{"href":"https:\/\/www.hsb.eu\/fr\/wp-json\/wp\/v2\/types\/page"}],"author":[{"embeddable":true,"href":"https:\/\/www.hsb.eu\/fr\/wp-json\/wp\/v2\/users\/3"}],"replies":[{"embeddable":true,"href":"https:\/\/www.hsb.eu\/fr\/wp-json\/wp\/v2\/comments?post=1521"}],"version-history":[{"count":2,"href":"https:\/\/www.hsb.eu\/fr\/wp-json\/wp\/v2\/pages\/1521\/revisions"}],"predecessor-version":[{"id":2100,"href":"https:\/\/www.hsb.eu\/fr\/wp-json\/wp\/v2\/pages\/1521\/revisions\/2100"}],"up":[{"embeddable":true,"href":"https:\/\/www.hsb.eu\/fr\/wp-json\/wp\/v2\/pages\/1597"}],"wp:featuredmedia":[{"embeddable":true,"href":"https:\/\/www.hsb.eu\/fr\/wp-json\/wp\/v2\/media\/252"}],"wp:attachment":[{"href":"https:\/\/www.hsb.eu\/fr\/wp-json\/wp\/v2\/media?parent=1521"}],"curies":[{"name":"wp","href":"https:\/\/api.w.org\/{rel}","templated":true}]}}