{"id":1525,"date":"2024-10-03T11:16:41","date_gmt":"2024-10-03T09:16:41","guid":{"rendered":"https:\/\/www.hsb.eu\/?page_id=1525"},"modified":"2025-03-24T15:16:26","modified_gmt":"2025-03-24T14:16:26","slug":"tete-de-bassin","status":"publish","type":"page","link":"https:\/\/www.hsb.eu\/fr\/technique-connexion\/tete-de-bassin\/","title":{"rendered":"T\u00eate de bassin"},"content":{"rendered":"    <section  class=\"section-images-text\">\n\t\t<div class=\"container\">\n                            <div class=\"images-holder\">\n                                            <div class=\"image section-viewport\">\n                                                    <\/div>\n                                                                <div class=\"image-box section-viewport fadeRight\">\n                                                            <div class=\"image-box-image\">\n                                                                    <\/div>\n                                                                                <\/div>\n                                    <\/div>\n                    <\/div>\n    <\/section>\n\n\n    <section  class=\"section-images-text\">\n\t\t<div class=\"container\">\n            \t\t\t\t\t\t\t\t\t\t\t\t\t\t\t<div class=\"title-holder section-viewport fadeInUp\">\n\t\t\t\t\t\t\t<h2>T\u00eate de bassin<\/h2>\n\t\t\t\t\t\t<\/div>\n\t\t\t\t\t\t\t\t\t\t\t\t\t\t\t\t<div class=\"text section-viewport fadeInUp\">\n\t\t\t\t\t\t\t<h3>Une t\u00eate bien pens\u00e9e fait la diff\u00e9rence en termes de qualit\u00e9<\/h3>\n<p>La t\u00eate du bassin constitue l&rsquo;extr\u00e9mit\u00e9 sup\u00e9rieure de la paroi du bassin et la termine par le d\u00e9versoir inclin\u00e9 de 30\u00b0 vers l&rsquo;ext\u00e9rieur, qui fait \u00e9galement office de main courante.<\/p>\n<p>La goulotte de d\u00e9bordement, dont le c\u00f4t\u00e9 orient\u00e9 vers le bassin est inclin\u00e9 de 12\u00b0 pour \u00e9viter le d\u00e9gazage de l&rsquo;eau de baignade qui s&rsquo;\u00e9coule et pour minimiser les bruits d&rsquo;\u00e9coulement, y est fix\u00e9e.<\/p>\n<p>Cette goulotte de d\u00e9bordement est dimensionn\u00e9e de telle sorte qu&rsquo;elle ne n\u00e9cessite pas de conduite de drainage d&rsquo;accompagnement et que seules deux tubulures de drainage de d\u00e9bordement sont donc n\u00e9cessaires, comme par exemple pour une piscine sportive.<\/p>\n<p>Graphique 1<br \/>\nSur le c\u00f4t\u00e9 ext\u00e9rieur de la paroi se trouve une rainure pour l&rsquo;appui de la grille de recouvrement du caniveau de d\u00e9bordement. Le niveau de l&rsquo;eau se situe \u00e0 5 cm au-dessus du pourtour du bassin, le talon de la main est \u00e9galement de 5 cm.<\/p>\n<p>Graphique 2<br \/>\nSi le pourtour du bassin doit \u00eatre relev\u00e9 le plus possible au niveau de l&rsquo;eau, l&rsquo;appui de la grille est relev\u00e9 en supprimant la rainure jusqu&rsquo;\u00e0 ce que la main courante soit r\u00e9duite \u00e0 la dimension minimale de 2 cm.<\/p>\n<p>Graphique 3<br \/>\nDans les bassins \u00e0 plongeurs, une grille de goutti\u00e8re de d\u00e9bordement inclin\u00e9e de 3% vers le bassin r\u00e9duit consid\u00e9rablement les pertes d&rsquo;eau.<br \/>\nCette goulotte de d\u00e9bordement est recouverte d&rsquo;une grille en PP r\u00e9sistante aux UV et \u00e0 l&rsquo;eau de baignade et accueille des \u00e9l\u00e9ments d&rsquo;\u00e9quipement du bassin comme les socles de d\u00e9part, les panneaux de profondeur d&rsquo;eau, les supports de lignes, les panneaux d&rsquo;ancrage, les syst\u00e8mes de chronom\u00e9trage, les montants d&rsquo;\u00e9chelle, etc.<br \/>\nSur le c\u00f4t\u00e9 ext\u00e9rieur de la t\u00eate du bassin, une \u00e9querre en acier inoxydable est soud\u00e9e de mani\u00e8re \u00e9tanche, si n\u00e9cessaire (piscine couverte), pour recevoir l&rsquo;\u00e9tanch\u00e9it\u00e9 horizontale continue de la couverture du pourtour.<\/p>\n\t\t\t\t\t\t<\/div>\n\t\t\t\t\t\t\t\t\t                    <\/div>\n    <\/section>\n\n\n","protected":false},"excerpt":{"rendered":"","protected":false},"author":3,"featured_media":261,"parent":1597,"menu_order":2,"comment_status":"closed","ping_status":"closed","template":"","meta":{"_acf_changed":false,"inline_featured_image":false,"footnotes":""},"class_list":["post-1525","page","type-page","status-publish","has-post-thumbnail","hentry"],"acf":[],"_links":{"self":[{"href":"https:\/\/www.hsb.eu\/fr\/wp-json\/wp\/v2\/pages\/1525","targetHints":{"allow":["GET"]}}],"collection":[{"href":"https:\/\/www.hsb.eu\/fr\/wp-json\/wp\/v2\/pages"}],"about":[{"href":"https:\/\/www.hsb.eu\/fr\/wp-json\/wp\/v2\/types\/page"}],"author":[{"embeddable":true,"href":"https:\/\/www.hsb.eu\/fr\/wp-json\/wp\/v2\/users\/3"}],"replies":[{"embeddable":true,"href":"https:\/\/www.hsb.eu\/fr\/wp-json\/wp\/v2\/comments?post=1525"}],"version-history":[{"count":2,"href":"https:\/\/www.hsb.eu\/fr\/wp-json\/wp\/v2\/pages\/1525\/revisions"}],"predecessor-version":[{"id":2101,"href":"https:\/\/www.hsb.eu\/fr\/wp-json\/wp\/v2\/pages\/1525\/revisions\/2101"}],"up":[{"embeddable":true,"href":"https:\/\/www.hsb.eu\/fr\/wp-json\/wp\/v2\/pages\/1597"}],"wp:featuredmedia":[{"embeddable":true,"href":"https:\/\/www.hsb.eu\/fr\/wp-json\/wp\/v2\/media\/261"}],"wp:attachment":[{"href":"https:\/\/www.hsb.eu\/fr\/wp-json\/wp\/v2\/media?parent=1525"}],"curies":[{"name":"wp","href":"https:\/\/api.w.org\/{rel}","templated":true}]}}