{"id":1529,"date":"2024-10-03T11:18:56","date_gmt":"2024-10-03T09:18:56","guid":{"rendered":"https:\/\/www.hsb.eu\/?page_id=1529"},"modified":"2025-03-24T14:42:59","modified_gmt":"2025-03-24T13:42:59","slug":"marche-pour-se-tenir","status":"publish","type":"page","link":"https:\/\/www.hsb.eu\/fr\/technique-connexion\/marche-pour-se-tenir\/","title":{"rendered":"Marche pour se tenir"},"content":{"rendered":"    <section  class=\"section-images-text\">\n\t\t<div class=\"container\">\n                            <div class=\"images-holder\">\n                                            <div class=\"image section-viewport\">\n                                                    <\/div>\n                                                                <div class=\"image-box section-viewport fadeRight\">\n                                                            <div class=\"image-box-image\">\n                                    <img decoding=\"async\" width=\"451\" height=\"451\" src=\"https:\/\/www.hsb.eu\/wp-content\/uploads\/2024\/10\/img-14-451x451.jpg\" class=\"attachment-thumbnail_451x451 size-thumbnail_451x451\" alt=\"img 14\" srcset=\"https:\/\/www.hsb.eu\/wp-content\/uploads\/2024\/10\/img-14-451x451.jpg 451w, https:\/\/www.hsb.eu\/wp-content\/uploads\/2024\/10\/img-14-300x300.jpg 300w, https:\/\/www.hsb.eu\/wp-content\/uploads\/2024\/10\/img-14-150x150.jpg 150w, https:\/\/www.hsb.eu\/wp-content\/uploads\/2024\/10\/img-14-768x768.jpg 768w, https:\/\/www.hsb.eu\/wp-content\/uploads\/2024\/10\/img-14-50x50.jpg 50w, https:\/\/www.hsb.eu\/wp-content\/uploads\/2024\/10\/img-14-242x242.jpg 242w, https:\/\/www.hsb.eu\/wp-content\/uploads\/2024\/10\/img-14-432x432.jpg 432w, https:\/\/www.hsb.eu\/wp-content\/uploads\/2024\/10\/img-14.jpg 900w\" sizes=\"(max-width: 451px) 100vw, 451px\" \/>                                <\/div>\n                                                                                <\/div>\n                                    <\/div>\n                    <\/div>\n    <\/section>\n\n\n    <section  class=\"section-images-text\">\n\t\t<div class=\"container\">\n            \t\t\t\t\t\t\t\t\t\t\t\t\t\t\t<div class=\"title-holder section-viewport fadeInUp\">\n\t\t\t\t\t\t\t<h2>Marche pour se tenir<\/h2>\n\t\t\t\t\t\t<\/div>\n\t\t\t\t\t\t\t\t\t\t\t\t\t\t\t\t<div class=\"text section-viewport fadeInUp\">\n\t\t\t\t\t\t\t<h3>Possibilit\u00e9 de se tenir debout sans soudure g\u00eanante<\/h3>\n<p>Une marche est install\u00e9e \u00e0 une profondeur de 1,2 m lorsque la profondeur de l&rsquo;eau est sup\u00e9rieure \u00e0 1,35 m.<\/p>\n<p>L&rsquo;amorce de la paroi continue est fix\u00e9e au-dessus de cette marche, de sorte qu&rsquo;aucun cordon de soudure sur la marche n&rsquo;obstrue le passage des mati\u00e8res en suspension qui tombent au fond.<\/p>\n\t\t\t\t\t\t<\/div>\n\t\t\t\t\t\t\t\t\t                    <\/div>\n    <\/section>\n\n\n","protected":false},"excerpt":{"rendered":"","protected":false},"author":3,"featured_media":267,"parent":1597,"menu_order":3,"comment_status":"closed","ping_status":"closed","template":"","meta":{"_acf_changed":false,"inline_featured_image":false,"footnotes":""},"class_list":["post-1529","page","type-page","status-publish","has-post-thumbnail","hentry"],"acf":[],"_links":{"self":[{"href":"https:\/\/www.hsb.eu\/fr\/wp-json\/wp\/v2\/pages\/1529","targetHints":{"allow":["GET"]}}],"collection":[{"href":"https:\/\/www.hsb.eu\/fr\/wp-json\/wp\/v2\/pages"}],"about":[{"href":"https:\/\/www.hsb.eu\/fr\/wp-json\/wp\/v2\/types\/page"}],"author":[{"embeddable":true,"href":"https:\/\/www.hsb.eu\/fr\/wp-json\/wp\/v2\/users\/3"}],"replies":[{"embeddable":true,"href":"https:\/\/www.hsb.eu\/fr\/wp-json\/wp\/v2\/comments?post=1529"}],"version-history":[{"count":2,"href":"https:\/\/www.hsb.eu\/fr\/wp-json\/wp\/v2\/pages\/1529\/revisions"}],"predecessor-version":[{"id":2076,"href":"https:\/\/www.hsb.eu\/fr\/wp-json\/wp\/v2\/pages\/1529\/revisions\/2076"}],"up":[{"embeddable":true,"href":"https:\/\/www.hsb.eu\/fr\/wp-json\/wp\/v2\/pages\/1597"}],"wp:featuredmedia":[{"embeddable":true,"href":"https:\/\/www.hsb.eu\/fr\/wp-json\/wp\/v2\/media\/267"}],"wp:attachment":[{"href":"https:\/\/www.hsb.eu\/fr\/wp-json\/wp\/v2\/media?parent=1529"}],"curies":[{"name":"wp","href":"https:\/\/api.w.org\/{rel}","templated":true}]}}