{"id":1532,"date":"2024-10-03T11:19:35","date_gmt":"2024-10-03T09:19:35","guid":{"rendered":"https:\/\/www.hsb.eu\/?page_id=1532"},"modified":"2025-03-24T14:49:51","modified_gmt":"2025-03-24T13:49:51","slug":"jonction-mur-fond","status":"publish","type":"page","link":"https:\/\/www.hsb.eu\/fr\/technique-connexion\/jonction-mur-fond\/","title":{"rendered":"Jonction mur\/fond"},"content":{"rendered":"    <section  class=\"section-images-text\">\n\t\t<div class=\"container\">\n                            <div class=\"images-holder\">\n                                            <div class=\"image section-viewport\">\n                                                    <\/div>\n                                                                <div class=\"image-box section-viewport fadeRight\">\n                                                            <div class=\"image-box-image\">\n                                                                    <\/div>\n                                                                                <\/div>\n                                    <\/div>\n                    <\/div>\n    <\/section>\n\n\n    <section  class=\"section-images-text\">\n\t\t<div class=\"container\">\n            \t\t\t\t\t\t\t\t\t\t\t\t\t\t\t<div class=\"title-holder section-viewport fadeInUp\">\n\t\t\t\t\t\t\t<h2>Jonction mur\/fond<\/h2>\n\t\t\t\t\t\t<\/div>\n\t\t\t\t\t\t\t\t\t\t\t\t\t\t\t\t<div class=\"text section-viewport fadeInUp\">\n\t\t\t\t\t\t\t<h3>Gorge creuse \u00e9lanc\u00e9e, soud\u00e9e de mani\u00e8re fixe pour une propret\u00e9 hygi\u00e9nique<\/h3>\n<p>La paroi de la piscine est con\u00e7ue comme une gorge \u00e0 son extr\u00e9mit\u00e9 inf\u00e9rieure.<\/p>\n<p>Le fond s&rsquo;y raccorde de telle sorte qu&rsquo;il n&rsquo;y a pas de pi\u00e8ge \u00e0 salet\u00e9s et que l&rsquo;aspirateur de fond peut \u00e9liminer sans probl\u00e8me toutes les mati\u00e8res en suspension qui tombent vers le bas.<\/p>\n<p>Le fond du bassin en acier inoxydable est soud\u00e9 de mani\u00e8re \u00e9tanche aux parois. Il se compose de plaques de t\u00f4le soud\u00e9es de grand format et est soit lisse, soit antid\u00e9rapant gr\u00e2ce \u00e0 un gaufrage.<\/p>\n\t\t\t\t\t\t<\/div>\n\t\t\t\t\t\t\t\t\t                    <\/div>\n    <\/section>\n\n\n","protected":false},"excerpt":{"rendered":"","protected":false},"author":3,"featured_media":273,"parent":1597,"menu_order":4,"comment_status":"closed","ping_status":"closed","template":"","meta":{"_acf_changed":false,"inline_featured_image":false,"footnotes":""},"class_list":["post-1532","page","type-page","status-publish","has-post-thumbnail","hentry"],"acf":[],"_links":{"self":[{"href":"https:\/\/www.hsb.eu\/fr\/wp-json\/wp\/v2\/pages\/1532","targetHints":{"allow":["GET"]}}],"collection":[{"href":"https:\/\/www.hsb.eu\/fr\/wp-json\/wp\/v2\/pages"}],"about":[{"href":"https:\/\/www.hsb.eu\/fr\/wp-json\/wp\/v2\/types\/page"}],"author":[{"embeddable":true,"href":"https:\/\/www.hsb.eu\/fr\/wp-json\/wp\/v2\/users\/3"}],"replies":[{"embeddable":true,"href":"https:\/\/www.hsb.eu\/fr\/wp-json\/wp\/v2\/comments?post=1532"}],"version-history":[{"count":2,"href":"https:\/\/www.hsb.eu\/fr\/wp-json\/wp\/v2\/pages\/1532\/revisions"}],"predecessor-version":[{"id":2078,"href":"https:\/\/www.hsb.eu\/fr\/wp-json\/wp\/v2\/pages\/1532\/revisions\/2078"}],"up":[{"embeddable":true,"href":"https:\/\/www.hsb.eu\/fr\/wp-json\/wp\/v2\/pages\/1597"}],"wp:featuredmedia":[{"embeddable":true,"href":"https:\/\/www.hsb.eu\/fr\/wp-json\/wp\/v2\/media\/273"}],"wp:attachment":[{"href":"https:\/\/www.hsb.eu\/fr\/wp-json\/wp\/v2\/media?parent=1532"}],"curies":[{"name":"wp","href":"https:\/\/api.w.org\/{rel}","templated":true}]}}