{"id":1544,"date":"2024-10-03T11:27:16","date_gmt":"2024-10-03T09:27:16","guid":{"rendered":"https:\/\/www.hsb.eu\/?page_id=1544"},"modified":"2025-03-24T14:53:08","modified_gmt":"2025-03-24T13:53:08","slug":"banquettes-de-massage","status":"publish","type":"page","link":"https:\/\/www.hsb.eu\/fr\/technique-connexion\/banquettes-de-massage\/","title":{"rendered":"Banquettes de massage"},"content":{"rendered":"    <section  class=\"section-images-text\">\n\t\t<div class=\"container\">\n                            <div class=\"images-holder\">\n                                            <div class=\"image section-viewport\">\n                                                    <\/div>\n                                                                <div class=\"image-box section-viewport fadeRight\">\n                                                            <div class=\"image-box-image\">\n                                                                    <\/div>\n                                                                                <\/div>\n                                    <\/div>\n                    <\/div>\n    <\/section>\n\n\n    <section  class=\"section-images-text\">\n\t\t<div class=\"container\">\n            \t\t\t\t\t\t\t\t\t\t\t\t\t\t\t<div class=\"title-holder section-viewport fadeInUp\">\n\t\t\t\t\t\t\t<h2>Banquettes de massage<\/h2>\n\t\t\t\t\t\t<\/div>\n\t\t\t\t\t\t\t\t\t\t\t\t\t\t\t\t<div class=\"text section-viewport fadeInUp\">\n\t\t\t\t\t\t\t<h3>Surface agr\u00e9able et accueillante avec buses de massage au ras du mur<\/h3>\n<p>Les bancs de massage sont con\u00e7us comme des structures ferm\u00e9es. Des buses de massage pour l&rsquo;arriv\u00e9e d&rsquo;air, l&rsquo;arriv\u00e9e d&rsquo;eau ou l&rsquo;arriv\u00e9e d&rsquo;air\/d&rsquo;eau dans le dossier, dans la zone d&rsquo;assise arri\u00e8re ou dans la zone des mollets assurent un massage maximal.<\/p>\n<p>Les \u00e9l\u00e9ments de buses sont au ras du mur.<\/p>\n\t\t\t\t\t\t<\/div>\n\t\t\t\t\t\t\t\t\t                    <\/div>\n    <\/section>\n\n\n","protected":false},"excerpt":{"rendered":"","protected":false},"author":3,"featured_media":289,"parent":1597,"menu_order":7,"comment_status":"closed","ping_status":"closed","template":"","meta":{"_acf_changed":false,"inline_featured_image":false,"footnotes":""},"class_list":["post-1544","page","type-page","status-publish","has-post-thumbnail","hentry"],"acf":[],"_links":{"self":[{"href":"https:\/\/www.hsb.eu\/fr\/wp-json\/wp\/v2\/pages\/1544","targetHints":{"allow":["GET"]}}],"collection":[{"href":"https:\/\/www.hsb.eu\/fr\/wp-json\/wp\/v2\/pages"}],"about":[{"href":"https:\/\/www.hsb.eu\/fr\/wp-json\/wp\/v2\/types\/page"}],"author":[{"embeddable":true,"href":"https:\/\/www.hsb.eu\/fr\/wp-json\/wp\/v2\/users\/3"}],"replies":[{"embeddable":true,"href":"https:\/\/www.hsb.eu\/fr\/wp-json\/wp\/v2\/comments?post=1544"}],"version-history":[{"count":2,"href":"https:\/\/www.hsb.eu\/fr\/wp-json\/wp\/v2\/pages\/1544\/revisions"}],"predecessor-version":[{"id":2082,"href":"https:\/\/www.hsb.eu\/fr\/wp-json\/wp\/v2\/pages\/1544\/revisions\/2082"}],"up":[{"embeddable":true,"href":"https:\/\/www.hsb.eu\/fr\/wp-json\/wp\/v2\/pages\/1597"}],"wp:featuredmedia":[{"embeddable":true,"href":"https:\/\/www.hsb.eu\/fr\/wp-json\/wp\/v2\/media\/289"}],"wp:attachment":[{"href":"https:\/\/www.hsb.eu\/fr\/wp-json\/wp\/v2\/media?parent=1544"}],"curies":[{"name":"wp","href":"https:\/\/api.w.org\/{rel}","templated":true}]}}