{"id":1552,"date":"2024-10-03T11:29:01","date_gmt":"2024-10-03T09:29:01","guid":{"rendered":"https:\/\/www.hsb.eu\/?page_id=1552"},"modified":"2025-03-24T14:54:34","modified_gmt":"2025-03-24T13:54:34","slug":"marches-et-acces","status":"publish","type":"page","link":"https:\/\/www.hsb.eu\/fr\/technique-connexion\/marches-et-acces\/","title":{"rendered":"Marches et acc\u00e8s"},"content":{"rendered":"    <section  class=\"section-images-text\">\n\t\t<div class=\"container\">\n                            <div class=\"images-holder\">\n                                            <div class=\"image section-viewport\">\n                                                    <\/div>\n                                                                <div class=\"image-box section-viewport fadeRight\">\n                                                            <div class=\"image-box-image\">\n                                                                    <\/div>\n                                                                                <\/div>\n                                    <\/div>\n                    <\/div>\n    <\/section>\n\n\n    <section  class=\"section-images-text\">\n\t\t<div class=\"container\">\n            \t\t\t\t\t\t\t\t\t\t\t\t\t\t\t<div class=\"title-holder section-viewport fadeInUp\">\n\t\t\t\t\t\t\t<h2>Marches et acc\u00e8s<\/h2>\n\t\t\t\t\t\t<\/div>\n\t\t\t\t\t\t\t\t\t\t\t\t\t\t\t\t<div class=\"text section-viewport fadeInUp\">\n\t\t\t\t\t\t\t<h3>Le beau chemin vers le bassin<\/h3>\n<p>Un acc\u00e8s confortable et s\u00fbr est essentiel pour profiter pleinement de la baignade. Nos escaliers et acc\u00e8s de haute qualit\u00e9 pour les piscines en acier inoxydable allient un design moderne \u00e0 un maximum de confort et de fonctionnalit\u00e9.<\/p>\n<p>Nous proposons des solutions sur mesure pour chaque taille de piscine et chaque besoin. L&rsquo;acier inoxydable ne s\u00e9duit pas seulement par son aspect noble, mais aussi par sa long\u00e9vit\u00e9 et sa facilit\u00e9 d&rsquo;entretien.<\/p>\n<p>Profitez des joies de la baignade avec style et d&rsquo;une entr\u00e9e parfaite dans votre exp\u00e9rience de la piscine !<\/p>\n\t\t\t\t\t\t<\/div>\n\t\t\t\t\t\t\t\t\t                    <\/div>\n    <\/section>\n\n\n","protected":false},"excerpt":{"rendered":"","protected":false},"author":3,"featured_media":301,"parent":1597,"menu_order":9,"comment_status":"closed","ping_status":"closed","template":"","meta":{"_acf_changed":false,"inline_featured_image":false,"footnotes":""},"class_list":["post-1552","page","type-page","status-publish","has-post-thumbnail","hentry"],"acf":[],"_links":{"self":[{"href":"https:\/\/www.hsb.eu\/fr\/wp-json\/wp\/v2\/pages\/1552","targetHints":{"allow":["GET"]}}],"collection":[{"href":"https:\/\/www.hsb.eu\/fr\/wp-json\/wp\/v2\/pages"}],"about":[{"href":"https:\/\/www.hsb.eu\/fr\/wp-json\/wp\/v2\/types\/page"}],"author":[{"embeddable":true,"href":"https:\/\/www.hsb.eu\/fr\/wp-json\/wp\/v2\/users\/3"}],"replies":[{"embeddable":true,"href":"https:\/\/www.hsb.eu\/fr\/wp-json\/wp\/v2\/comments?post=1552"}],"version-history":[{"count":2,"href":"https:\/\/www.hsb.eu\/fr\/wp-json\/wp\/v2\/pages\/1552\/revisions"}],"predecessor-version":[{"id":2084,"href":"https:\/\/www.hsb.eu\/fr\/wp-json\/wp\/v2\/pages\/1552\/revisions\/2084"}],"up":[{"embeddable":true,"href":"https:\/\/www.hsb.eu\/fr\/wp-json\/wp\/v2\/pages\/1597"}],"wp:featuredmedia":[{"embeddable":true,"href":"https:\/\/www.hsb.eu\/fr\/wp-json\/wp\/v2\/media\/301"}],"wp:attachment":[{"href":"https:\/\/www.hsb.eu\/fr\/wp-json\/wp\/v2\/media?parent=1552"}],"curies":[{"name":"wp","href":"https:\/\/api.w.org\/{rel}","templated":true}]}}