{"id":1563,"date":"2024-10-01T07:33:55","date_gmt":"2024-10-01T05:33:55","guid":{"rendered":"https:\/\/www.hsb.eu\/?page_id=1563"},"modified":"2025-03-24T14:58:52","modified_gmt":"2025-03-24T13:58:52","slug":"therapie","status":"publish","type":"page","link":"https:\/\/www.hsb.eu\/fr\/therapie\/","title":{"rendered":"Th\u00e9rapie"},"content":{"rendered":"    <section  class=\"section-images-text\">\n\t\t<div class=\"container\">\n                            <div class=\"images-holder\">\n                                            <div class=\"image section-viewport\">\n                                                    <\/div>\n                                                                <div class=\"image-box section-viewport fadeRight\">\n                                                            <div class=\"image-box-image\">\n                                                                    <\/div>\n                                                                                        <span class=\"image-text\">Vitznau | Suisse<\/span>\n                                                    <\/div>\n                                    <\/div>\n                    <\/div>\n    <\/section>\n\n\n    <section  class=\"section-images-text\">\n\t\t<div class=\"container\">\n            \t\t\t\t\t\t\t\t\t<div class=\"text-holder\">\n\t\t\t\t\t\t\t\t\t\t\t\t\t<h2>gu\u00e9rison dans l&rsquo;\u00e9l\u00e9ment eau<\/h2>\n\t\t\t\t\t\t\t\t\t\t\t\t\t\t\t\t\t\t\t<div class=\"text section-viewport fadeInUp\">\n\t\t\t\t\t\t\t\t<p><strong>Ressentir la l\u00e9g\u00e8ret\u00e9, puiser des forces, se r\u00e9g\u00e9n\u00e9rer.<\/strong> L&rsquo;eau est un \u00e9l\u00e9ment doux &#8211; et en m\u00eame temps une source puissante de gu\u00e9rison. Nos bassins th\u00e9rapeutiques soutiennent des mouvements cibl\u00e9s et favorisent la mobilit\u00e9, la d\u00e9tente et le bien-\u00eatre. Doux pour les articulations, puissants dans leurs effets.<\/p>\n\t\t\t\t\t\t\t<\/div>\n\t\t\t\t\t\t\t\t\t\t\t<\/div>\n\t\t\t\t                    <\/div>\n    <\/section>\n\n\n\t\t\t<section  class=\"section-gallery bg-white\">\n\t\t\t<div class=\"container\">\n\t\t\t\t<div class=\"swiper-main-holder section-viewport fadeInUp\">\n\t\t\t\t\t<div class=\"swiper swiper-main\">\n\t\t\t\t\t\t<div class=\"swiper-wrapper\">\n\t\t\t\t\t\t\t                                <div class=\"swiper-slide\">\n                                    \t<div class=\"swiper swiper-images\">\n\t\t<div class=\"swiper-wrapper\">\n\t\t\t\t\t\t\t<div class=\"swiper-slide\">\n\t\t\t\t\t<div class=\"slide-image\">\n\t\t\t\t\t\t<img decoding=\"async\" width=\"1519\" height=\"854\" src=\"https:\/\/www.hsb.eu\/wp-content\/uploads\/2025\/02\/vitznau-schweiz-therapiebecken-therapie-1519x854.webp\" class=\"attachment-thumbnail_1519x854 size-thumbnail_1519x854 not-transparent\" alt=\"\" data-has-transparency=\"false\" data-dominant-color=\"627e84\" style=\"--dominant-color: #627e84;\" \/>\t\t\t\t\t<\/div>\n\t\t\t\t<\/div>\n\t\t\t\t\t<\/div>\n\t\t<div class=\"swiper-button-next\">\n\t\t\t<span class=\"accessibility\">Next<\/span>\n\t\t\t<svg xmlns=\"http:\/\/www.w3.org\/2000\/svg\" viewBox=\"0 0 320 512\">\n\t\t\t\t<path d=\"M66.07 477.3c-1.376-1.531-2.048-3.438-2.048-5.344c0-2.188 .891-4.375 2.642-5.938L300.2 256L66.66 45.93c-3.283-2.906-3.58-8-.594-11.28c2.97-3.281 8.019-3.563 11.32-.5938l240.1 216c3.345 3 3.345 8.875 0 11.88L77.38 477.9C74.08 480.9 69.04 480.6 66.07 477.3z\" fill=\"currentColor\" \/>\n\t\t\t<\/svg>\n\t\t<\/div>\n\t\t<div class=\"swiper-button-prev\">\n\t\t\t<span class=\"accessibility\">Prev<\/span>\n\t\t\t<svg xmlns=\"http:\/\/www.w3.org\/2000\/svg\" viewBox=\"0 0 320 512\" style=\"transform: rotate(180deg);\">\n\t\t\t\t<path d=\"M66.07 477.3c-1.376-1.531-2.048-3.438-2.048-5.344c0-2.188 .891-4.375 2.642-5.938L300.2 256L66.66 45.93c-3.283-2.906-3.58-8-.594-11.28c2.97-3.281 8.019-3.563 11.32-.5938l240.1 216c3.345 3 3.345 8.875 0 11.88L77.38 477.9C74.08 480.9 69.04 480.6 66.07 477.3z\" fill=\"currentColor\" \/>\n\t\t\t<\/svg>\n\t\t<\/div>\n\t<\/div>\n<div class=\"text-holder\">\n\t\t<h3>\n\t\tVitznau\t\t\t\t\t\t\t\t\t| Suisse\t\t\t\t\t\t<\/h3>\n\t\n<p>Bassin th\u00e9rapeutique en deux parties avec fond mobile. Une architecture exemplaire dans un cadre de r\u00eave, associ\u00e9e \u00e0 une technique de bassin ultramoderne, garantit le meilleur succ\u00e8s th\u00e9rapeutique.<\/p>\n<\/div>\n\t<table>\n\t\t<thead>\n\t\t\t<tr>\n\t\t\t\t<th>Ma\u00eetre d\u2019ouvrage<\/th>\n\t\t\t\t<th>Planificateur<\/th>\n\t\t\t\t<th>\n\t\t\t\t\t<ul>\n\t\t\t\t\t\t<li>Surface d\u2019Eau<\/li>\n\t\t\t\t\t\t<li>Ann\u00e9e de Construction<\/li>\n\t\t\t\t\t<\/ul>\n\t\t\t\t<\/th>\n\t\t\t<\/tr>\n\t\t<\/thead>\n\t\t<tbody>\n\t\t\t<tr>\n\t\t\t\t<td data-label=\"Ma\u00eetre d\u2019ouvrage\">PHV Parkhotel Vitznau AG<\/td>\n\t\t\t\t<td data-label=\"Planificateur\">\n\t\t\t\t\t\t\t\t\t\t\t<ul class=\"list-plane\">\n\t\t\t\t\t\t\t\t\t\t\t\t\t\t\t<li>PHV<\/li>\n\t\t\t\t\t\t\t\t\t\t\t\t\t<\/ul>\n\t\t\t\t\t\t\t\t\t<\/td>\n\t\t\t\t<td data-label=\"Surface d\u2019Eau | Ann\u00e9e de Construction\">\n\t\t\t\t\t\t\t\t\t\t\t<ul>\n\t\t\t\t\t\t\t\t\t\t\t\t\t\t\t<li>100 m\u00b2<\/li>\n\t\t\t\t\t\t\t\t\t\t\t\t\t\t\t\t\t\t\t\t\t\t<li>2012<\/li>\n\t\t\t\t\t\t\t\t\t\t\t\t\t<\/ul>\n\t\t\t\t\t\t\t\t\t<\/td>\n\t\t\t<\/tr>\n\t\t<\/tbody>\n\t<\/table>\n                                <\/div>\n\t\t\t\t\t\t\t                                <div class=\"swiper-slide\">\n                                    \t<div class=\"swiper swiper-images\">\n\t\t<div class=\"swiper-wrapper\">\n\t\t\t\t\t\t\t<div class=\"swiper-slide\">\n\t\t\t\t\t<div class=\"slide-image\">\n\t\t\t\t\t\t<img decoding=\"async\" width=\"1519\" height=\"854\" src=\"https:\/\/www.hsb.eu\/wp-content\/uploads\/2025\/03\/voecklabruck-oesterreich-therapiebecken-therapie-1519x854.webp\" class=\"attachment-thumbnail_1519x854 size-thumbnail_1519x854\" alt=\"\" \/>\t\t\t\t\t<\/div>\n\t\t\t\t<\/div>\n\t\t\t\t\t\t\t<div class=\"swiper-slide\">\n\t\t\t\t\t<div class=\"slide-image\">\n\t\t\t\t\t\t<img decoding=\"async\" width=\"1519\" height=\"854\" src=\"https:\/\/www.hsb.eu\/wp-content\/uploads\/2025\/03\/voecklabruck-oesterreich-therapiebecken-leer-therapie-1519x854.webp\" class=\"attachment-thumbnail_1519x854 size-thumbnail_1519x854\" alt=\"\" \/>\t\t\t\t\t<\/div>\n\t\t\t\t<\/div>\n\t\t\t\t\t<\/div>\n\t\t<div class=\"swiper-button-next\">\n\t\t\t<span class=\"accessibility\">Next<\/span>\n\t\t\t<svg xmlns=\"http:\/\/www.w3.org\/2000\/svg\" viewBox=\"0 0 320 512\">\n\t\t\t\t<path d=\"M66.07 477.3c-1.376-1.531-2.048-3.438-2.048-5.344c0-2.188 .891-4.375 2.642-5.938L300.2 256L66.66 45.93c-3.283-2.906-3.58-8-.594-11.28c2.97-3.281 8.019-3.563 11.32-.5938l240.1 216c3.345 3 3.345 8.875 0 11.88L77.38 477.9C74.08 480.9 69.04 480.6 66.07 477.3z\" fill=\"currentColor\" \/>\n\t\t\t<\/svg>\n\t\t<\/div>\n\t\t<div class=\"swiper-button-prev\">\n\t\t\t<span class=\"accessibility\">Prev<\/span>\n\t\t\t<svg xmlns=\"http:\/\/www.w3.org\/2000\/svg\" viewBox=\"0 0 320 512\" style=\"transform: rotate(180deg);\">\n\t\t\t\t<path d=\"M66.07 477.3c-1.376-1.531-2.048-3.438-2.048-5.344c0-2.188 .891-4.375 2.642-5.938L300.2 256L66.66 45.93c-3.283-2.906-3.58-8-.594-11.28c2.97-3.281 8.019-3.563 11.32-.5938l240.1 216c3.345 3 3.345 8.875 0 11.88L77.38 477.9C74.08 480.9 69.04 480.6 66.07 477.3z\" fill=\"currentColor\" \/>\n\t\t\t<\/svg>\n\t\t<\/div>\n\t<\/div>\n<div class=\"text-holder\">\n\t\t<h3>\n\t\tV\u00f6cklabruck\t\t\t\t\t\t\t\t\t| Autriche\t\t\t\t\t\t<\/h3>\n\t\n<p>Des fen\u00eatres immerg\u00e9es et des barres de marche facilitent le travail des th\u00e9rapeutes.<\/p>\n<\/div>\n\t<table>\n\t\t<thead>\n\t\t\t<tr>\n\t\t\t\t<th>Ma\u00eetre d\u2019ouvrage<\/th>\n\t\t\t\t<th>Planificateur<\/th>\n\t\t\t\t<th>\n\t\t\t\t\t<ul>\n\t\t\t\t\t\t<li>Surface d\u2019Eau<\/li>\n\t\t\t\t\t\t<li>Ann\u00e9e de Construction<\/li>\n\t\t\t\t\t<\/ul>\n\t\t\t\t<\/th>\n\t\t\t<\/tr>\n\t\t<\/thead>\n\t\t<tbody>\n\t\t\t<tr>\n\t\t\t\t<td data-label=\"Ma\u00eetre d\u2019ouvrage\">H\u00f4pital de V\u00f6cklabruck<\/td>\n\t\t\t\t<td data-label=\"Planificateur\">\n\t\t\t\t\t\t\t\t\t\t\t<ul class=\"list-plane\">\n\t\t\t\t\t\t\t\t\t\t\t\t\t\t\t<li>VAMED<\/li>\n\t\t\t\t\t\t\t\t\t\t\t\t\t\t\t<li>hsb<\/li>\n\t\t\t\t\t\t\t\t\t\t\t\t\t<\/ul>\n\t\t\t\t\t\t\t\t\t<\/td>\n\t\t\t\t<td data-label=\"Surface d\u2019Eau | Ann\u00e9e de Construction\">\n\t\t\t\t\t\t\t\t\t\t\t<ul>\n\t\t\t\t\t\t\t\t\t\t\t\t\t\t\t<li>22 m\u00b2<\/li>\n\t\t\t\t\t\t\t\t\t\t\t\t\t\t\t\t\t\t\t\t\t\t<li>2011<\/li>\n\t\t\t\t\t\t\t\t\t\t\t\t\t<\/ul>\n\t\t\t\t\t\t\t\t\t<\/td>\n\t\t\t<\/tr>\n\t\t<\/tbody>\n\t<\/table>\n                                <\/div>\n\t\t\t\t\t\t\t\t\t\t\t\t\t<\/div>\n\t\t\t\t\t<\/div>\n\t\t\t\t\t<div class=\"swiper-nav\">\n\t\t\t\t\t\t<div class=\"swiper-button-prev\">\n                            <span>&lt;&lt; Vorherige Referenz<\/span>\n\t\t\t\t\t\t<\/div>\n\t\t\t\t\t\t<div class=\"swiper-button-next\">\n                            <span>R\u00e9f\u00e9rence Suivante &gt;&gt;<\/span>\n\t\t\t\t\t\t<\/div>\n\t\t\t\t\t<\/div>\n\t\t\t\t<\/div>\n\t\t\t<\/div>\n\t\t<\/section>\n\t\t","protected":false},"excerpt":{"rendered":"","protected":false},"author":3,"featured_media":0,"parent":0,"menu_order":0,"comment_status":"closed","ping_status":"closed","template":"","meta":{"_acf_changed":false,"inline_featured_image":false,"footnotes":""},"class_list":["post-1563","page","type-page","status-publish","hentry"],"acf":[],"_links":{"self":[{"href":"https:\/\/www.hsb.eu\/fr\/wp-json\/wp\/v2\/pages\/1563","targetHints":{"allow":["GET"]}}],"collection":[{"href":"https:\/\/www.hsb.eu\/fr\/wp-json\/wp\/v2\/pages"}],"about":[{"href":"https:\/\/www.hsb.eu\/fr\/wp-json\/wp\/v2\/types\/page"}],"author":[{"embeddable":true,"href":"https:\/\/www.hsb.eu\/fr\/wp-json\/wp\/v2\/users\/3"}],"replies":[{"embeddable":true,"href":"https:\/\/www.hsb.eu\/fr\/wp-json\/wp\/v2\/comments?post=1563"}],"version-history":[{"count":2,"href":"https:\/\/www.hsb.eu\/fr\/wp-json\/wp\/v2\/pages\/1563\/revisions"}],"predecessor-version":[{"id":2089,"href":"https:\/\/www.hsb.eu\/fr\/wp-json\/wp\/v2\/pages\/1563\/revisions\/2089"}],"wp:attachment":[{"href":"https:\/\/www.hsb.eu\/fr\/wp-json\/wp\/v2\/media?parent=1563"}],"curies":[{"name":"wp","href":"https:\/\/api.w.org\/{rel}","templated":true}]}}