{"id":1567,"date":"2024-10-01T07:34:21","date_gmt":"2024-10-01T05:34:21","guid":{"rendered":"https:\/\/www.hsb.eu\/?page_id=1567"},"modified":"2025-05-14T07:41:34","modified_gmt":"2025-05-14T05:41:34","slug":"bien-etre","status":"publish","type":"page","link":"https:\/\/www.hsb.eu\/fr\/bien-etre\/","title":{"rendered":"Bien-\u00eatre"},"content":{"rendered":"    <section  class=\"section-images-text\">\n\t\t<div class=\"container\">\n                            <div class=\"images-holder\">\n                                            <div class=\"image section-viewport\">\n                            <img decoding=\"async\" width=\"1428\" height=\"884\" src=\"https:\/\/www.hsb.eu\/wp-content\/uploads\/2024\/10\/img-01-1428x884.jpg\" class=\"attachment-thumbnail_1428x884 size-thumbnail_1428x884\" alt=\"img 01 scaled\" srcset=\"https:\/\/www.hsb.eu\/wp-content\/uploads\/2024\/10\/img-01-1428x884.jpg 1428w, https:\/\/www.hsb.eu\/wp-content\/uploads\/2024\/10\/img-01-300x186.jpg 300w, https:\/\/www.hsb.eu\/wp-content\/uploads\/2024\/10\/img-01-1024x635.jpg 1024w, https:\/\/www.hsb.eu\/wp-content\/uploads\/2024\/10\/img-01-768x476.jpg 768w, https:\/\/www.hsb.eu\/wp-content\/uploads\/2024\/10\/img-01-1536x952.jpg 1536w\" sizes=\"(max-width: 1428px) 100vw, 1428px\" \/>                        <\/div>\n                                                                <div class=\"image-box section-viewport fadeRight\">\n                                                            <div class=\"image-box-image\">\n                                    <img decoding=\"async\" width=\"451\" height=\"451\" src=\"https:\/\/www.hsb.eu\/wp-content\/uploads\/2024\/10\/img-02-451x451.jpg\" class=\"attachment-thumbnail_451x451 size-thumbnail_451x451\" alt=\"img 02\" srcset=\"https:\/\/www.hsb.eu\/wp-content\/uploads\/2024\/10\/img-02-451x451.jpg 451w, https:\/\/www.hsb.eu\/wp-content\/uploads\/2024\/10\/img-02-300x300.jpg 300w, https:\/\/www.hsb.eu\/wp-content\/uploads\/2024\/10\/img-02-150x150.jpg 150w, https:\/\/www.hsb.eu\/wp-content\/uploads\/2024\/10\/img-02-768x768.jpg 768w, https:\/\/www.hsb.eu\/wp-content\/uploads\/2024\/10\/img-02-50x50.jpg 50w, https:\/\/www.hsb.eu\/wp-content\/uploads\/2024\/10\/img-02.jpg 960w\" sizes=\"(max-width: 451px) 100vw, 451px\" \/>                                <\/div>\n                                                                                        <span class=\"image-text\">Alpinresort | Saalbach<\/span>\n                                                    <\/div>\n                                    <\/div>\n                    <\/div>\n    <\/section>\n\n\n    <section  class=\"section-images-text\">\n\t\t<div class=\"container\">\n            \t\t\t\t\t\t\t\t\t<div class=\"text-holder\">\n\t\t\t\t\t\t\t\t\t\t\t\t\t<h2>dans l&rsquo;eau se trouve le calme<\/h2>\n\t\t\t\t\t\t\t\t\t\t\t\t\t\t\t\t\t\t\t<div class=\"text section-viewport fadeInUp\">\n\t\t\t\t\t\t\t\t<p><strong>Des vagues douces, un contact chaud, une profonde sensation de bien-\u00eatre.<\/strong> Nos piscines en acier inoxydable sont une oasis de d\u00e9tente. Ici, l&rsquo;eau, la chaleur et le calme se fondent en une exp\u00e9rience globale pour le corps et l&rsquo;esprit. Parfait pour les moments de l\u00e2cher-prise et de r\u00e9g\u00e9n\u00e9ration.<\/p>\n\t\t\t\t\t\t\t<\/div>\n\t\t\t\t\t\t\t\t\t\t\t<\/div>\n\t\t\t\t                    <\/div>\n    <\/section>\n\n\n\t\t\t<section  class=\"section-gallery bg-white\">\n\t\t\t<div class=\"container\">\n\t\t\t\t<div class=\"swiper-main-holder section-viewport fadeInUp\">\n\t\t\t\t\t<div class=\"swiper swiper-main\">\n\t\t\t\t\t\t<div class=\"swiper-wrapper\">\n\t\t\t\t\t\t\t                                <div class=\"swiper-slide\">\n                                    \t<div class=\"swiper swiper-images\">\n\t\t<div class=\"swiper-wrapper\">\n\t\t\t\t\t\t\t<div class=\"swiper-slide\">\n\t\t\t\t\t<div class=\"slide-image\">\n\t\t\t\t\t\t<img decoding=\"async\" width=\"1519\" height=\"854\" src=\"https:\/\/www.hsb.eu\/wp-content\/uploads\/2025\/02\/kleinwalsertal-rosenhof-oesterreich-wellnessbecken-wellness-1-1519x854.webp\" class=\"attachment-thumbnail_1519x854 size-thumbnail_1519x854 not-transparent\" alt=\"\" data-has-transparency=\"false\" data-dominant-color=\"838e9a\" style=\"--dominant-color: #838e9a;\" \/>\t\t\t\t\t<\/div>\n\t\t\t\t<\/div>\n\t\t\t\t\t\t\t<div class=\"swiper-slide\">\n\t\t\t\t\t<div class=\"slide-image\">\n\t\t\t\t\t\t<img decoding=\"async\" width=\"1519\" height=\"854\" src=\"https:\/\/www.hsb.eu\/wp-content\/uploads\/2025\/02\/kleinwalsertal-rosenhof-oesterreich-aussenansicht-wellness-1-1519x854.webp\" class=\"attachment-thumbnail_1519x854 size-thumbnail_1519x854 not-transparent\" alt=\"\" data-has-transparency=\"false\" data-dominant-color=\"878770\" style=\"--dominant-color: #878770;\" \/>\t\t\t\t\t<\/div>\n\t\t\t\t<\/div>\n\t\t\t\t\t<\/div>\n\t\t<div class=\"swiper-button-next\">\n\t\t\t<span class=\"accessibility\">Next<\/span>\n\t\t\t<svg xmlns=\"http:\/\/www.w3.org\/2000\/svg\" viewBox=\"0 0 320 512\">\n\t\t\t\t<path d=\"M66.07 477.3c-1.376-1.531-2.048-3.438-2.048-5.344c0-2.188 .891-4.375 2.642-5.938L300.2 256L66.66 45.93c-3.283-2.906-3.58-8-.594-11.28c2.97-3.281 8.019-3.563 11.32-.5938l240.1 216c3.345 3 3.345 8.875 0 11.88L77.38 477.9C74.08 480.9 69.04 480.6 66.07 477.3z\" fill=\"currentColor\" \/>\n\t\t\t<\/svg>\n\t\t<\/div>\n\t\t<div class=\"swiper-button-prev\">\n\t\t\t<span class=\"accessibility\">Prev<\/span>\n\t\t\t<svg xmlns=\"http:\/\/www.w3.org\/2000\/svg\" viewBox=\"0 0 320 512\" style=\"transform: rotate(180deg);\">\n\t\t\t\t<path d=\"M66.07 477.3c-1.376-1.531-2.048-3.438-2.048-5.344c0-2.188 .891-4.375 2.642-5.938L300.2 256L66.66 45.93c-3.283-2.906-3.58-8-.594-11.28c2.97-3.281 8.019-3.563 11.32-.5938l240.1 216c3.345 3 3.345 8.875 0 11.88L77.38 477.9C74.08 480.9 69.04 480.6 66.07 477.3z\" fill=\"currentColor\" \/>\n\t\t\t<\/svg>\n\t\t<\/div>\n\t<\/div>\n<div class=\"text-holder\">\n\t\t<h3>\n\t\tKleinwalsertal Rosenhof\t\t\t\t\t\t\t\t\t| Autriche\t\t\t\t\t\t<\/h3>\n\t\n<p>L&rsquo;h\u00f4tel familial Rosenhof dans le Vorarlberg offre \u00e0 tous les \u00e2ges repos et d\u00e9tente, ainsi qu&rsquo;une garde d&rsquo;enfants vari\u00e9e.<\/p>\n<\/div>\n\t<table>\n\t\t<thead>\n\t\t\t<tr>\n\t\t\t\t<th>Ma\u00eetre d\u2019ouvrage<\/th>\n\t\t\t\t<th>Planificateur<\/th>\n\t\t\t\t<th>\n\t\t\t\t\t<ul>\n\t\t\t\t\t\t<li>Surface d\u2019Eau<\/li>\n\t\t\t\t\t\t<li>Ann\u00e9e de Construction<\/li>\n\t\t\t\t\t<\/ul>\n\t\t\t\t<\/th>\n\t\t\t<\/tr>\n\t\t<\/thead>\n\t\t<tbody>\n\t\t\t<tr>\n\t\t\t\t<td data-label=\"Ma\u00eetre d\u2019ouvrage\">Famille Hugger<\/td>\n\t\t\t\t<td data-label=\"Planificateur\">\n\t\t\t\t\t\t\t\t\t<\/td>\n\t\t\t\t<td data-label=\"Surface d\u2019Eau | Ann\u00e9e de Construction\">\n\t\t\t\t\t\t\t\t\t\t\t<ul>\n\t\t\t\t\t\t\t\t\t\t\t\t\t\t\t<li>50 m\u00b2<\/li>\n\t\t\t\t\t\t\t\t\t\t\t\t\t\t\t\t\t\t\t\t\t\t<li>2016<\/li>\n\t\t\t\t\t\t\t\t\t\t\t\t\t<\/ul>\n\t\t\t\t\t\t\t\t\t<\/td>\n\t\t\t<\/tr>\n\t\t<\/tbody>\n\t<\/table>\n                                <\/div>\n\t\t\t\t\t\t\t                                <div class=\"swiper-slide\">\n                                    \t<div class=\"swiper swiper-images\">\n\t\t<div class=\"swiper-wrapper\">\n\t\t\t\t\t\t\t<div class=\"swiper-slide\">\n\t\t\t\t\t<div class=\"slide-image\">\n\t\t\t\t\t\t<img decoding=\"async\" width=\"1519\" height=\"854\" src=\"https:\/\/www.hsb.eu\/wp-content\/uploads\/2025\/02\/saint-martin-de-vesubie-frankreich-mehrzweckbecken-wellness-1519x854.webp\" class=\"attachment-thumbnail_1519x854 size-thumbnail_1519x854 not-transparent\" alt=\"\" data-has-transparency=\"false\" data-dominant-color=\"908475\" style=\"--dominant-color: #908475;\" \/>\t\t\t\t\t<\/div>\n\t\t\t\t<\/div>\n\t\t\t\t\t\t\t<div class=\"swiper-slide\">\n\t\t\t\t\t<div class=\"slide-image\">\n\t\t\t\t\t\t<img decoding=\"async\" width=\"1519\" height=\"854\" src=\"https:\/\/www.hsb.eu\/wp-content\/uploads\/2025\/02\/saint-martin-de-vesubie-frankreich-kinderplanschbecken-wellness-1519x854.webp\" class=\"attachment-thumbnail_1519x854 size-thumbnail_1519x854 not-transparent\" alt=\"\" data-has-transparency=\"false\" data-dominant-color=\"928e83\" style=\"--dominant-color: #928e83;\" \/>\t\t\t\t\t<\/div>\n\t\t\t\t<\/div>\n\t\t\t\t\t<\/div>\n\t\t<div class=\"swiper-button-next\">\n\t\t\t<span class=\"accessibility\">Next<\/span>\n\t\t\t<svg xmlns=\"http:\/\/www.w3.org\/2000\/svg\" viewBox=\"0 0 320 512\">\n\t\t\t\t<path d=\"M66.07 477.3c-1.376-1.531-2.048-3.438-2.048-5.344c0-2.188 .891-4.375 2.642-5.938L300.2 256L66.66 45.93c-3.283-2.906-3.58-8-.594-11.28c2.97-3.281 8.019-3.563 11.32-.5938l240.1 216c3.345 3 3.345 8.875 0 11.88L77.38 477.9C74.08 480.9 69.04 480.6 66.07 477.3z\" fill=\"currentColor\" \/>\n\t\t\t<\/svg>\n\t\t<\/div>\n\t\t<div class=\"swiper-button-prev\">\n\t\t\t<span class=\"accessibility\">Prev<\/span>\n\t\t\t<svg xmlns=\"http:\/\/www.w3.org\/2000\/svg\" viewBox=\"0 0 320 512\" style=\"transform: rotate(180deg);\">\n\t\t\t\t<path d=\"M66.07 477.3c-1.376-1.531-2.048-3.438-2.048-5.344c0-2.188 .891-4.375 2.642-5.938L300.2 256L66.66 45.93c-3.283-2.906-3.58-8-.594-11.28c2.97-3.281 8.019-3.563 11.32-.5938l240.1 216c3.345 3 3.345 8.875 0 11.88L77.38 477.9C74.08 480.9 69.04 480.6 66.07 477.3z\" fill=\"currentColor\" \/>\n\t\t\t<\/svg>\n\t\t<\/div>\n\t<\/div>\n<div class=\"text-holder\">\n\t\t<h3>\n\t\tSaint Martin de V\u00e9subie\t\t\t\t\t\t\t\t\t| France\t\t\t\t\t\t<\/h3>\n\t<\/div>\n\t<table>\n\t\t<thead>\n\t\t\t<tr>\n\t\t\t\t<th>Ma\u00eetre d\u2019ouvrage<\/th>\n\t\t\t\t<th>Planificateur<\/th>\n\t\t\t\t<th>\n\t\t\t\t\t<ul>\n\t\t\t\t\t\t<li>Surface d\u2019Eau<\/li>\n\t\t\t\t\t\t<li>Ann\u00e9e de Construction<\/li>\n\t\t\t\t\t<\/ul>\n\t\t\t\t<\/th>\n\t\t\t<\/tr>\n\t\t<\/thead>\n\t\t<tbody>\n\t\t\t<tr>\n\t\t\t\t<td data-label=\"Ma\u00eetre d\u2019ouvrage\">Syndicat de D\u00e9veloppement de la V\u00e9subie et du Valdeblore<\/td>\n\t\t\t\t<td data-label=\"Planificateur\">\n\t\t\t\t\t\t\t\t\t\t\t<ul class=\"list-plane\">\n\t\t\t\t\t\t\t\t\t\t\t\t\t\t\t<li>Chabanne &amp; Partenaires<\/li>\n\t\t\t\t\t\t\t\t\t\t\t\t\t<\/ul>\n\t\t\t\t\t\t\t\t\t<\/td>\n\t\t\t\t<td data-label=\"Surface d\u2019Eau | Ann\u00e9e de Construction\">\n\t\t\t\t\t\t\t\t\t\t\t<ul>\n\t\t\t\t\t\t\t\t\t\t\t\t\t\t\t<li>380 m\u00b2<\/li>\n\t\t\t\t\t\t\t\t\t\t\t\t\t\t\t\t\t\t\t\t\t\t<li>2016<\/li>\n\t\t\t\t\t\t\t\t\t\t\t\t\t<\/ul>\n\t\t\t\t\t\t\t\t\t<\/td>\n\t\t\t<\/tr>\n\t\t<\/tbody>\n\t<\/table>\n                                <\/div>\n\t\t\t\t\t\t\t                                <div class=\"swiper-slide\">\n                                    \t<div class=\"swiper swiper-images\">\n\t\t<div class=\"swiper-wrapper\">\n\t\t\t\t\t\t\t<div class=\"swiper-slide\">\n\t\t\t\t\t<div class=\"slide-image\">\n\t\t\t\t\t\t<img decoding=\"async\" width=\"1519\" height=\"854\" src=\"https:\/\/www.hsb.eu\/wp-content\/uploads\/2025\/02\/st-petersburg-voda-club-russland-mehrzweckbecken-wellness-1519x854.webp\" class=\"attachment-thumbnail_1519x854 size-thumbnail_1519x854 not-transparent\" alt=\"\" data-has-transparency=\"false\" data-dominant-color=\"545165\" style=\"--dominant-color: #545165;\" \/>\t\t\t\t\t<\/div>\n\t\t\t\t<\/div>\n\t\t\t\t\t\t\t<div class=\"swiper-slide\">\n\t\t\t\t\t<div class=\"slide-image\">\n\t\t\t\t\t\t<img decoding=\"async\" width=\"1519\" height=\"854\" src=\"https:\/\/www.hsb.eu\/wp-content\/uploads\/2025\/02\/st-petersburg-voda-club-russland-wellnessbecken-wellness-1519x854.webp\" class=\"attachment-thumbnail_1519x854 size-thumbnail_1519x854 not-transparent\" alt=\"\" data-has-transparency=\"false\" data-dominant-color=\"829ca4\" style=\"--dominant-color: #829ca4;\" \/>\t\t\t\t\t<\/div>\n\t\t\t\t<\/div>\n\t\t\t\t\t<\/div>\n\t\t<div class=\"swiper-button-next\">\n\t\t\t<span class=\"accessibility\">Next<\/span>\n\t\t\t<svg xmlns=\"http:\/\/www.w3.org\/2000\/svg\" viewBox=\"0 0 320 512\">\n\t\t\t\t<path d=\"M66.07 477.3c-1.376-1.531-2.048-3.438-2.048-5.344c0-2.188 .891-4.375 2.642-5.938L300.2 256L66.66 45.93c-3.283-2.906-3.58-8-.594-11.28c2.97-3.281 8.019-3.563 11.32-.5938l240.1 216c3.345 3 3.345 8.875 0 11.88L77.38 477.9C74.08 480.9 69.04 480.6 66.07 477.3z\" fill=\"currentColor\" \/>\n\t\t\t<\/svg>\n\t\t<\/div>\n\t\t<div class=\"swiper-button-prev\">\n\t\t\t<span class=\"accessibility\">Prev<\/span>\n\t\t\t<svg xmlns=\"http:\/\/www.w3.org\/2000\/svg\" viewBox=\"0 0 320 512\" style=\"transform: rotate(180deg);\">\n\t\t\t\t<path d=\"M66.07 477.3c-1.376-1.531-2.048-3.438-2.048-5.344c0-2.188 .891-4.375 2.642-5.938L300.2 256L66.66 45.93c-3.283-2.906-3.58-8-.594-11.28c2.97-3.281 8.019-3.563 11.32-.5938l240.1 216c3.345 3 3.345 8.875 0 11.88L77.38 477.9C74.08 480.9 69.04 480.6 66.07 477.3z\" fill=\"currentColor\" \/>\n\t\t\t<\/svg>\n\t\t<\/div>\n\t<\/div>\n<div class=\"text-holder\">\n\t\t<h3>\n\t\tSt. Petersburg Voda Club\t\t\t\t\t\t\t\t\t| Russie\t\t\t\t\t\t<\/h3>\n\t\n<p>Bien-\u00eatre de niveau 5 \u00e9toiles dans des bassins en acier inoxydable.<\/p>\n<\/div>\n\t<table>\n\t\t<thead>\n\t\t\t<tr>\n\t\t\t\t<th>Ma\u00eetre d\u2019ouvrage<\/th>\n\t\t\t\t<th>Planificateur<\/th>\n\t\t\t\t<th>\n\t\t\t\t\t<ul>\n\t\t\t\t\t\t<li>Surface d\u2019Eau<\/li>\n\t\t\t\t\t\t<li>Ann\u00e9e de Construction<\/li>\n\t\t\t\t\t<\/ul>\n\t\t\t\t<\/th>\n\t\t\t<\/tr>\n\t\t<\/thead>\n\t\t<tbody>\n\t\t\t<tr>\n\t\t\t\t<td data-label=\"Ma\u00eetre d\u2019ouvrage\">FTF Holding<\/td>\n\t\t\t\t<td data-label=\"Planificateur\">\n\t\t\t\t\t\t\t\t\t\t\t<ul class=\"list-plane\">\n\t\t\t\t\t\t\t\t\t\t\t\t\t\t\t<li>SRV Toimitilat OY<\/li>\n\t\t\t\t\t\t\t\t\t\t\t\t\t<\/ul>\n\t\t\t\t\t\t\t\t\t<\/td>\n\t\t\t\t<td data-label=\"Surface d\u2019Eau | Ann\u00e9e de Construction\">\n\t\t\t\t\t\t\t\t\t\t\t<ul>\n\t\t\t\t\t\t\t\t\t\t\t\t\t\t\t<li>559 m\u00b2<\/li>\n\t\t\t\t\t\t\t\t\t\t\t\t\t\t\t\t\t\t\t\t\t\t<li>2012<\/li>\n\t\t\t\t\t\t\t\t\t\t\t\t\t<\/ul>\n\t\t\t\t\t\t\t\t\t<\/td>\n\t\t\t<\/tr>\n\t\t<\/tbody>\n\t<\/table>\n                                <\/div>\n\t\t\t\t\t\t\t                                <div class=\"swiper-slide\">\n                                    \t<div class=\"swiper swiper-images\">\n\t\t<div class=\"swiper-wrapper\">\n\t\t\t\t\t\t\t<div class=\"swiper-slide\">\n\t\t\t\t\t<div class=\"slide-image\">\n\t\t\t\t\t\t<img decoding=\"async\" width=\"1519\" height=\"854\" src=\"https:\/\/www.hsb.eu\/wp-content\/uploads\/2025\/02\/bern-bernaqua-schweiz-roemisch-irisches-bad-wellness-1519x854.webp\" class=\"attachment-thumbnail_1519x854 size-thumbnail_1519x854 not-transparent\" alt=\"\" data-has-transparency=\"false\" data-dominant-color=\"798988\" style=\"--dominant-color: #798988;\" \/>\t\t\t\t\t<\/div>\n\t\t\t\t<\/div>\n\t\t\t\t\t<\/div>\n\t\t<div class=\"swiper-button-next\">\n\t\t\t<span class=\"accessibility\">Next<\/span>\n\t\t\t<svg xmlns=\"http:\/\/www.w3.org\/2000\/svg\" viewBox=\"0 0 320 512\">\n\t\t\t\t<path d=\"M66.07 477.3c-1.376-1.531-2.048-3.438-2.048-5.344c0-2.188 .891-4.375 2.642-5.938L300.2 256L66.66 45.93c-3.283-2.906-3.58-8-.594-11.28c2.97-3.281 8.019-3.563 11.32-.5938l240.1 216c3.345 3 3.345 8.875 0 11.88L77.38 477.9C74.08 480.9 69.04 480.6 66.07 477.3z\" fill=\"currentColor\" \/>\n\t\t\t<\/svg>\n\t\t<\/div>\n\t\t<div class=\"swiper-button-prev\">\n\t\t\t<span class=\"accessibility\">Prev<\/span>\n\t\t\t<svg xmlns=\"http:\/\/www.w3.org\/2000\/svg\" viewBox=\"0 0 320 512\" style=\"transform: rotate(180deg);\">\n\t\t\t\t<path d=\"M66.07 477.3c-1.376-1.531-2.048-3.438-2.048-5.344c0-2.188 .891-4.375 2.642-5.938L300.2 256L66.66 45.93c-3.283-2.906-3.58-8-.594-11.28c2.97-3.281 8.019-3.563 11.32-.5938l240.1 216c3.345 3 3.345 8.875 0 11.88L77.38 477.9C74.08 480.9 69.04 480.6 66.07 477.3z\" fill=\"currentColor\" \/>\n\t\t\t<\/svg>\n\t\t<\/div>\n\t<\/div>\n<div class=\"text-holder\">\n\t\t<h3>\n\t\tBern Bernaqua\t\t\t\t\t\t\t\t\t| Suisse\t\t\t\t\t\t<\/h3>\n\t\n<p>Le bien-\u00eatre de l&rsquo;architecte star Daniel Libeskind. Le parc aquatique Bernaqua propose les offres les plus diverses &#8211; du toboggan g\u00e9ant au bain romain-irlandais en passant par le bassin de bien-\u00eatre et un vaste espace pour les enfants.<\/p>\n<\/div>\n\t<table>\n\t\t<thead>\n\t\t\t<tr>\n\t\t\t\t<th>Ma\u00eetre d\u2019ouvrage<\/th>\n\t\t\t\t<th>Planificateur<\/th>\n\t\t\t\t<th>\n\t\t\t\t\t<ul>\n\t\t\t\t\t\t<li>Surface d\u2019Eau<\/li>\n\t\t\t\t\t\t<li>Ann\u00e9e de Construction<\/li>\n\t\t\t\t\t<\/ul>\n\t\t\t\t<\/th>\n\t\t\t<\/tr>\n\t\t<\/thead>\n\t\t<tbody>\n\t\t\t<tr>\n\t\t\t\t<td data-label=\"Ma\u00eetre d\u2019ouvrage\">Neue Br\u00fcnnen AG<\/td>\n\t\t\t\t<td data-label=\"Planificateur\">\n\t\t\t\t\t\t\t\t\t\t\t<ul class=\"list-plane\">\n\t\t\t\t\t\t\t\t\t\t\t\t\t\t\t<li>Studio Daniel Libeskind<\/li>\n\t\t\t\t\t\t\t\t\t\t\t\t\t\t\t<li>Bruckhardt + Partner AG<\/li>\n\t\t\t\t\t\t\t\t\t\t\t\t\t\t\t<li>Harald Kannewischer et son \u00e9quipe<\/li>\n\t\t\t\t\t\t\t\t\t\t\t\t\t<\/ul>\n\t\t\t\t\t\t\t\t\t<\/td>\n\t\t\t\t<td data-label=\"Surface d\u2019Eau | Ann\u00e9e de Construction\">\n\t\t\t\t\t\t\t\t\t\t\t<ul>\n\t\t\t\t\t\t\t\t\t\t\t\t\t\t\t<li>1.500 m\u00b2<\/li>\n\t\t\t\t\t\t\t\t\t\t\t\t\t\t\t\t\t\t\t\t<\/ul>\n\t\t\t\t\t\t\t\t\t<\/td>\n\t\t\t<\/tr>\n\t\t<\/tbody>\n\t<\/table>\n                                <\/div>\n\t\t\t\t\t\t\t\t\t\t\t\t\t<\/div>\n\t\t\t\t\t<\/div>\n\t\t\t\t\t<div class=\"swiper-nav\">\n\t\t\t\t\t\t<div class=\"swiper-button-prev\">\n                            <span>&lt;&lt; Vorherige Referenz<\/span>\n\t\t\t\t\t\t<\/div>\n\t\t\t\t\t\t<div class=\"swiper-button-next\">\n                            <span>R\u00e9f\u00e9rence Suivante &gt;&gt;<\/span>\n\t\t\t\t\t\t<\/div>\n\t\t\t\t\t<\/div>\n\t\t\t\t<\/div>\n\t\t\t<\/div>\n\t\t<\/section>\n\t\t","protected":false},"excerpt":{"rendered":"","protected":false},"author":3,"featured_media":0,"parent":0,"menu_order":0,"comment_status":"closed","ping_status":"closed","template":"","meta":{"_acf_changed":false,"inline_featured_image":false,"footnotes":""},"class_list":["post-1567","page","type-page","status-publish","hentry"],"acf":[],"_links":{"self":[{"href":"https:\/\/www.hsb.eu\/fr\/wp-json\/wp\/v2\/pages\/1567","targetHints":{"allow":["GET"]}}],"collection":[{"href":"https:\/\/www.hsb.eu\/fr\/wp-json\/wp\/v2\/pages"}],"about":[{"href":"https:\/\/www.hsb.eu\/fr\/wp-json\/wp\/v2\/types\/page"}],"author":[{"embeddable":true,"href":"https:\/\/www.hsb.eu\/fr\/wp-json\/wp\/v2\/users\/3"}],"replies":[{"embeddable":true,"href":"https:\/\/www.hsb.eu\/fr\/wp-json\/wp\/v2\/comments?post=1567"}],"version-history":[{"count":3,"href":"https:\/\/www.hsb.eu\/fr\/wp-json\/wp\/v2\/pages\/1567\/revisions"}],"predecessor-version":[{"id":2277,"href":"https:\/\/www.hsb.eu\/fr\/wp-json\/wp\/v2\/pages\/1567\/revisions\/2277"}],"wp:attachment":[{"href":"https:\/\/www.hsb.eu\/fr\/wp-json\/wp\/v2\/media?parent=1567"}],"curies":[{"name":"wp","href":"https:\/\/api.w.org\/{rel}","templated":true}]}}