{"id":2152,"date":"2025-04-01T09:00:07","date_gmt":"2025-04-01T07:00:07","guid":{"rendered":"https:\/\/www.hsb.eu\/?page_id=2152"},"modified":"2025-09-09T15:28:09","modified_gmt":"2025-09-09T13:28:09","slug":"conditions-generales","status":"publish","type":"page","link":"https:\/\/www.hsb.eu\/fr\/conditions-generales\/","title":{"rendered":"Conditions G\u00e9n\u00e9rales"},"content":{"rendered":"\n<div class=\"wp-block-group\"><div class=\"wp-block-group__inner-container is-layout-constrained wp-block-group-is-layout-constrained\">\n<p><a href=\"https:\/\/www.hsb.eu\/wp-content\/uploads\/2025\/04\/AVB_AT_franzoesisch.pdf\">Conditions G\u00e9n\u00e9rales de Vente (CGV) de hsb austria gmbh<\/a><\/p>\n\n\n\n<p><a href=\"https:\/\/www.hsb.eu\/wp-content\/uploads\/2025\/04\/AVB_DE_franzoesisch.pdf\">Conditions G\u00e9n\u00e9rales de Vente (CGV) de hsb germany gmbh<\/a><\/p>\n\n\n\n<p><a href=\"https:\/\/www.hsb.eu\/wp-content\/uploads\/2025\/09\/Diversity_Charta_FR.pdf\" data-type=\"attachment\" data-id=\"2597\">Charte de la diverist\u00e9 du groupe hsb<\/a><\/p>\n<\/div><\/div>\n\n\n\n<p><\/p>\n","protected":false},"excerpt":{"rendered":"<p>Conditions G\u00e9n\u00e9rales de Vente (CGV) de hsb austria gmbh Conditions G\u00e9n\u00e9rales de Vente (CGV) de hsb germany gmbh Charte de la diverist\u00e9 du groupe hsb<\/p>\n","protected":false},"author":3,"featured_media":0,"parent":0,"menu_order":0,"comment_status":"closed","ping_status":"closed","template":"","meta":{"_acf_changed":false,"inline_featured_image":false,"footnotes":""},"class_list":["post-2152","page","type-page","status-publish","hentry"],"acf":[],"_links":{"self":[{"href":"https:\/\/www.hsb.eu\/fr\/wp-json\/wp\/v2\/pages\/2152","targetHints":{"allow":["GET"]}}],"collection":[{"href":"https:\/\/www.hsb.eu\/fr\/wp-json\/wp\/v2\/pages"}],"about":[{"href":"https:\/\/www.hsb.eu\/fr\/wp-json\/wp\/v2\/types\/page"}],"author":[{"embeddable":true,"href":"https:\/\/www.hsb.eu\/fr\/wp-json\/wp\/v2\/users\/3"}],"replies":[{"embeddable":true,"href":"https:\/\/www.hsb.eu\/fr\/wp-json\/wp\/v2\/comments?post=2152"}],"version-history":[{"count":5,"href":"https:\/\/www.hsb.eu\/fr\/wp-json\/wp\/v2\/pages\/2152\/revisions"}],"predecessor-version":[{"id":2601,"href":"https:\/\/www.hsb.eu\/fr\/wp-json\/wp\/v2\/pages\/2152\/revisions\/2601"}],"wp:attachment":[{"href":"https:\/\/www.hsb.eu\/fr\/wp-json\/wp\/v2\/media?parent=2152"}],"curies":[{"name":"wp","href":"https:\/\/api.w.org\/{rel}","templated":true}]}}